{"id":2662,"date":"2024-07-28T13:49:22","date_gmt":"2024-07-28T11:49:22","guid":{"rendered":"http:\/\/www.rozigarden.hu\/?page_id=2662"},"modified":"2024-07-28T14:02:52","modified_gmt":"2024-07-28T12:02:52","slug":"privacy-policy","status":"publish","type":"page","link":"https:\/\/www.rozigarden.hu\/en\/privacy-policy\/","title":{"rendered":"Privacy Policy"},"content":{"rendered":"\t\t<div data-elementor-type=\"wp-page\" data-elementor-id=\"2662\" class=\"elementor elementor-2662\" data-elementor-post-type=\"page\">\n\t\t\t\t<div class=\"elementor-element elementor-element-db9189b e-flex e-con-boxed e-con e-parent\" data-id=\"db9189b\" data-element_type=\"container\" data-e-type=\"container\">\n\t\t\t\t\t<div class=\"e-con-inner\">\n\t\t\t\t<div class=\"elementor-element elementor-element-510c547 elementor-widget elementor-widget-heading\" data-id=\"510c547\" data-element_type=\"widget\" data-e-type=\"widget\" data-widget_type=\"heading.default\">\n\t\t\t\t<div class=\"elementor-widget-container\">\n\t\t\t\t\t<h2 class=\"elementor-heading-title elementor-size-default\">Adatkezel\u00e9si t\u00e1j\u00e9koztat\u00f3<\/h2>\t\t\t\t<\/div>\n\t\t\t\t<\/div>\n\t\t\t\t<div class=\"elementor-element elementor-element-9b04abe elementor-widget elementor-widget-text-editor\" data-id=\"9b04abe\" data-element_type=\"widget\" data-e-type=\"widget\" data-widget_type=\"text-editor.default\">\n\t\t\t\t<div class=\"elementor-widget-container\">\n\t\t\t\t\t\t\t\t\t<p>Kedves Vend\u00e9geink,<\/p><p>Az aj\u00e1nlatk\u00e9r\u00e9shez \u00e9s a foglal\u00e1shoz sz\u00fcks\u00e9g\u00fcnk van n\u00e9h\u00e1ny szem\u00e9lyes adatra \u00d6n\u00f6kt\u0151l. Jelen<br \/>Adatkezel\u00e9si T\u00e1j\u00e9koztat\u00f3 \u00f6sszefoglalja a rozigarden.hu \u00fczemeltet\u0151je \u00e9s kezel\u0151je \u00e1ltal<br \/>folytatott adatkezel\u00e9si elveket \u00e9s annak gyakorlat\u00e1t. A Felhaszn\u00e1l\u00f3 az adatok elk\u00fcld\u00e9s\u00e9vel<br \/>kijelenti, hogy azok a val\u00f3s\u00e1gnak megfelelnek.<\/p><p>Az Adatkezel\u00e9si T\u00e1j\u00e9koztat\u00f3 rendelkez\u00e9seinek kialak\u00edt\u00e1sakor kiemelten vett\u00fck figyelembe az<br \/>Eur\u00f3pai Parlament \u00e9s a Tan\u00e1cs 2016\/679 Rendelet\u00e9ben (\u201e\u00c1ltal\u00e1nos Adatv\u00e9delmi Rendelet\u201d<br \/>vagy \u201eGDPR\u201d), az inform\u00e1ci\u00f3s \u00f6nrendelkez\u00e9si jogr\u00f3l \u00e9s az inform\u00e1ci\u00f3szabads\u00e1gr\u00f3l sz\u00f3l\u00f3 2011.<br \/>\u00e9vi CXII. t\u00f6rv\u00e9ny (\u201eInfotv.\u201d), a Polg\u00e1ri T\u00f6rv\u00e9nyk\u00f6nyvr\u0151l sz\u00f3l\u00f3 2013. \u00e9vi V. t\u00f6rv\u00e9ny (\u201ePtk.\u201d),<br \/>tov\u00e1bb\u00e1 a gazdas\u00e1gi rekl\u00e1mtev\u00e9kenys\u00e9g alapvet\u0151 felt\u00e9teleir\u0151l \u00e9s egyes korl\u00e1tair\u00f3l sz\u00f3l\u00f3<br \/>2008. \u00e9vi XLVIII. t\u00f6rv\u00e9ny (\u201eGrtv.\u201d) rendelkez\u00e9seit.<br \/>1. Az Adatkezel\u0151 adatai<br \/>A weboldal \u00fczemeltet\u0151je \u00e9s az adatok kezel\u0151je:<br \/>\u00dczemeltet\u0151: Kov\u00e1cs Zsuzsa<br \/>NTAK regisztr\u00e1ci\u00f3s sz\u00e1m: MA20012269<br \/>Sz\u00e1ll\u00e1shely c\u00edme: 8261 Badacsonytomaj, R\u00f3mai \u00fat 246.<br \/>El\u00e9rhet\u0151s\u00e9g: 2120 Dunakeszi, Vajda J\u00e1nos utca 25.<br \/>Telefon: +36 30 411 8105<\/p><p>2. Az adatkezel\u00e9s c\u00e9lja<br \/>Az adatok megad\u00e1sa a Rozi Garden Vend\u00e9gh\u00e1z t\u00f6rt\u00e9n\u0151 sz\u00e1ll\u00e1sfoglal\u00e1s, valamint az aj\u00e1nlatk\u00e9r\u00e9ssel \u00e9s<br \/>foglal\u00e1ssal kapcsolatos kommunik\u00e1ci\u00f3 \u00e9rdek\u00e9ben sz\u00fcks\u00e9ges. Mindehhez elengedhetetlen a<br \/>felhaszn\u00e1l\u00f3 azonos\u00edt\u00e1sa, a t\u00f6bbi felhaszn\u00e1l\u00f3t\u00f3l val\u00f3 megk\u00fcl\u00f6nb\u00f6ztet\u00e9se.<br \/>A Felhaszn\u00e1l\u00f3 az oldal haszn\u00e1lat\u00e1val, az aj\u00e1nlatk\u00e9r\u00e9s \u00e9s\/vagy foglal\u00e1s sor\u00e1n \u00f6nk\u00e9nt<br \/>hozz\u00e1j\u00e1rul, hogy a 3. pontban r\u00e9szletezett t\u00edpus\u00fa adatokat az Adatkezel\u0151 az adatv\u00e9delmi<br \/>nyilatkozat rendelkez\u00e9seinek megfelel\u0151en felhaszn\u00e1lja. Az Adatkezel\u0151 a megadott adatokat<br \/>bizalmasan kezeli, harmadik f\u00e9lnek ill. az adat megismer\u00e9s\u00e9re jogosults\u00e1ggal nem rendelkez\u0151<br \/>szem\u00e9lynek nem adja \u00e1t.<\/p><p>3. A kezelt adatok k\u00f6re<br \/>A rozigarden.hu oldal foglal\u00e1si fel\u00fclet\u00e9hez nem sz\u00fcks\u00e9ges regisztr\u00e1ci\u00f3, azonban az<br \/>aj\u00e1nlatk\u00e9r\u00e9shez \u00e9s a sz\u00e1ll\u00e1sfoglal\u00e1shoz a k\u00f6vetkez\u0151 szem\u00e9lyes adatok megad\u00e1sa sz\u00fcks\u00e9ges:<br \/>\u2013 teljes n\u00e9v<br \/>\u2013 e-mail c\u00edm<br \/>\u2013 telefonsz\u00e1m<br \/>\u2013 foglal\u00e1skor az \u00e9rkez\u0151 feln\u0151ttek sz\u00e1ma<br \/>\u2013 foglal\u00e1skor az \u00e9rkez\u0151 gyermekek sz\u00e1ma \u00e9s kora.<\/p><p>A 2. pontban meghat\u00e1rozott c\u00e9lokra megadott adatok kezel\u00e9se a Felhaszn\u00e1l\u00f3 \u00f6nk\u00e9ntes<br \/>hozz\u00e1j\u00e1rul\u00e1s\u00e1val t\u00f6rt\u00e9nik. A Felhaszn\u00e1l\u00f3 \u00e1ltal megadott adatok pontatlans\u00e1g\u00e1\u00e9rt, vagy<br \/>val\u00f3tlans\u00e1g\u00e1\u00e9rt az Adatkezel\u0151 felel\u0151ss\u00e9get nem v\u00e1llal.<\/p><p>4. Az adatkezel\u00e9s id\u0151tartama<br \/>A Felhaszn\u00e1l\u00f3 \u00e1ltal megadott adatokat a Felhaszn\u00e1l\u00f3 \u00edr\u00e1sos kezdem\u00e9nyez\u00e9s\u00e9re az Adatkezel\u0151<br \/>3 munkanapon bel\u00fcl t\u00f6rli. Ezt az ig\u00e9nyt az el\u00e9rhet\u0151s\u00e9geink b\u00e1rmelyik\u00e9n \u00edr\u00e1sban lehet<br \/>bejelenteni.<\/p><p>5. Az adatkezel\u00e9s jogalapapja<br \/>GDPR 6. cikk (1) bekezd\u00e9s a) b) \u00e9s c) pont alapj\u00e1n.<\/p><p>Az elektronikus kereskedelmi szolg\u00e1ltat\u00e1sok, valamint az inform\u00e1ci\u00f3s t\u00e1rsadalommal<br \/>\u00f6sszef\u00fcgg\u0151 szolg\u00e1ltat\u00e1sok egyes k\u00e9rd\u00e9seir\u0151l sz\u00f3l\u00f3 2001. \u00e9vi CVIII. t\u00f6rv\u00e9ny (a tov\u00e1bbiakban:<br \/>Elker tv.) 13\/A. \u00a7 (3) bekezd\u00e9se alapj\u00e1n.<\/p><p>6. A Felhaszn\u00e1l\u00f3 jogai<br \/>\u2013 Felhaszn\u00e1l\u00f3 jogosult arra, hogy az Adatkezel\u0151t\u0151l visszajelz\u00e9st kapjon arra vonatkoz\u00f3an,<br \/>hogy szem\u00e9lyes adatainak kezel\u00e9se folyamatban van-e, \u00e9s ha ilyen adatkezel\u00e9s folyamatban<br \/>van, jogosult arra, hogy a szem\u00e9lyes adatokhoz \u00e9s a rendeletben felsorolt inform\u00e1ci\u00f3khoz<br \/>hozz\u00e1f\u00e9r\u00e9st kapjon.<\/p><p>\u2013 Felhaszn\u00e1l\u00f3 jogosult arra, hogy k\u00e9r\u00e9s\u00e9re az Adatkezel\u0151 indokolatlan k\u00e9sedelem n\u00e9lk\u00fcl<br \/>helyesb\u00edtse a r\u00e1 vonatkoz\u00f3 pontatlan szem\u00e9lyes adatokat. Figyelembe v\u00e9ve az adatkezel\u00e9s<\/p><p>c\u00e9lj\u00e1t, Felhaszn\u00e1l\u00f3 jogosult arra, hogy k\u00e9rje a hi\u00e1nyos szem\u00e9lyes adatok \u2013 egyebek mellett<br \/>kieg\u00e9sz\u00edt\u0151 nyilatkozat \u00fatj\u00e1n t\u00f6rt\u00e9n\u0151 \u2013 kieg\u00e9sz\u00edt\u00e9s\u00e9t.<\/p><p>\u2013 Felhaszn\u00e1l\u00f3 jogosult arra, hogy k\u00e9r\u00e9s\u00e9re az Adatkezel\u0151 indokolatlan k\u00e9sedelem n\u00e9lk\u00fcl<br \/>t\u00f6r\u00f6lje a r\u00e1 vonatkoz\u00f3 szem\u00e9lyes adatokat, az Adatkezel\u0151 pedig k\u00f6teles arra, hogy a r\u00e1<br \/>vonatkoz\u00f3 szem\u00e9lyes adatokat indokolatlan k\u00e9sedelem n\u00e9lk\u00fcl t\u00f6r\u00f6lje meghat\u00e1rozott<br \/>felt\u00e9telek eset\u00e9n.<\/p><p>\u2013 Ha az Adatkezel\u0151 nyilv\u00e1noss\u00e1gra hozta a szem\u00e9lyes adatot, \u00e9s azt t\u00f6r\u00f6lni k\u00f6teles, az<br \/>el\u00e9rhet\u0151 technol\u00f3gia \u00e9s a megval\u00f3s\u00edt\u00e1s k\u00f6lts\u00e9geinek figyelembev\u00e9tel\u00e9vel megteszi az<br \/>\u00e9sszer\u0171en elv\u00e1rhat\u00f3 l\u00e9p\u00e9seket \u2013 ide\u00e9rtve technikai int\u00e9zked\u00e9seket \u2013 annak \u00e9rdek\u00e9ben, hogy<br \/>t\u00e1j\u00e9koztassa az adatokat kezel\u0151 adatkezel\u0151ket, hogy Felhaszn\u00e1l\u00f3 k\u00e9relmezte a sz\u00f3ban forg\u00f3<br \/>szem\u00e9lyes adatokra mutat\u00f3 linkek vagy e szem\u00e9lyes adatok m\u00e1solat\u00e1nak, illetve<br \/>m\u00e1sodp\u00e9ld\u00e1ny\u00e1nak t\u00f6rl\u00e9s\u00e9t.<\/p><p>\u2013 Felhaszn\u00e1l\u00f3 jogosult arra, hogy k\u00e9r\u00e9s\u00e9re az Adatkezel\u0151 korl\u00e1tozza az adatkezel\u00e9st, ha az<br \/>al\u00e1bbi felt\u00e9telek valamelyike teljes\u00fcl:<br \/>Felhaszn\u00e1l\u00f3 vitatja a szem\u00e9lyes adatok pontoss\u00e1g\u00e1t, ez esetben a korl\u00e1toz\u00e1s arra az<br \/>id\u0151tartamra vonatkozik, amely lehet\u0151v\u00e9 teszi, hogy az adatkezel\u0151 ellen\u0151rizze a szem\u00e9lyes<br \/>adatok pontoss\u00e1g\u00e1t;<br \/>az adatkezel\u00e9s jogellenes, \u00e9s Felhaszn\u00e1l\u00f3 ellenzi az adatok t\u00f6rl\u00e9s\u00e9t, \u00e9s ehelyett k\u00e9ri azok<br \/>felhaszn\u00e1l\u00e1s\u00e1nak korl\u00e1toz\u00e1s\u00e1t;<br \/>az Adatkezel\u0151nek m\u00e1r nincs sz\u00fcks\u00e9ge a szem\u00e9lyes adatokra adatkezel\u00e9s c\u00e9lj\u00e1b\u00f3l, de<br \/>Felhaszn\u00e1l\u00f3 ig\u00e9nyli azokat jogi ig\u00e9nyek el\u0151terjeszt\u00e9s\u00e9hez, \u00e9rv\u00e9nyes\u00edt\u00e9s\u00e9hez vagy<br \/>v\u00e9delm\u00e9hez;<br \/>Felhaszn\u00e1l\u00f3 tiltakozott az adatkezel\u00e9s ellen; ez esetben a korl\u00e1toz\u00e1s arra az id\u0151tartamra<br \/>vonatkozik, am\u00edg meg\u00e1llap\u00edt\u00e1sra nem ker\u00fcl, hogy az adatkezel\u0151 jogos indokai els\u0151bbs\u00e9get<br \/>\u00e9lveznek-e Felhaszn\u00e1l\u00f3 jogos indokaival szemben.<\/p><p>7. Adatbiztons\u00e1g<br \/>Adatkezel\u0151 minden t\u0151le telhet\u0151 l\u00e9p\u00e9st megtesz annak \u00e9rdek\u00e9ben, hogy biztos\u00edtsa<br \/>Felhaszn\u00e1l\u00f3k \u00e1ltal megadott adatok biztons\u00e1g\u00e1t. A kezelt adatokat kiz\u00e1r\u00f3lag Adatkezel\u0151 vagy<br \/>a vele munkakapcsolatban \u00e1ll\u00f3 megb\u00edzott szem\u00e9ly ismerheti meg, azokat Adatkezel\u0151<br \/>harmadik, az adat megismer\u00e9s\u00e9re jogosults\u00e1ggal nem rendelkez\u0151 szem\u00e9lynek nem adja \u00e1t.<br \/>Adatkezel\u0151 a Felhaszn\u00e1l\u00f3 adatait jelsz\u00f3val \u00e9s v\u00edrus\u00edrt\u00f3val v\u00e9gzett sz\u00e1m\u00edt\u00f3g\u00e9pen v\u00e9gzi.<br \/>Jogosulatlan hozz\u00e1f\u00e9r\u00e9s vagy adatmegismer\u00e9s er\u0151fesz\u00edt\u00e9seink ellen\u00e9re t\u00f6rt\u00e9n\u0151<br \/>bek\u00f6vetkez\u00e9se eset\u00e9n az Adatkezel\u0151 nem felel\u0151s ilyen jelleg\u0171 adatmegszerz\u00e9s\u00e9rt vagy<\/p><p>jogosulatlan hozz\u00e1f\u00e9r\u00e9s\u00e9rt vagy a Felhaszn\u00e1l\u00f3n\u00e1l ezen okokb\u00f3l kifoly\u00f3lag keletkezett<br \/>b\u00e1rmilyen k\u00e1r\u00e9rt.<br \/>8. A weboldal \u00fczemeltet\u0151je<br \/>A rozigarden.hu weboldal a<br \/>C\u00e9gn\u00e9v: DotRoll Kft.<br \/>C\u00edm: Budapest, Fogarasi \u00fat 3-5, 1148<br \/>szerverein m\u0171k\u00f6dik, amelyr\u0151l az adatok biztons\u00e1ga \u00e9rdek\u00e9ben biztons\u00e1gi ment\u00e9sek<br \/>k\u00e9sz\u00fclnek.<\/p><p>9. Jogorvoslati lehet\u0151s\u00e9g \u00e9s hat\u00e1lyos t\u00f6rv\u00e9nyek<br \/>Az Adatkezel\u0151 mindent megtesz az\u00e9rt, hogy a szem\u00e9lyes adatok kezel\u00e9se a hat\u00e1lyos<br \/>jogszab\u00e1lyoknak megfelel\u0151en t\u00f6rt\u00e9nj\u00e9k. Ha a Felhaszn\u00e1l\u00f3 \u00fagy gondolja, hogy Adatkezel\u0151<br \/>nem tett eleget, az adatkezel\u00e9ssel kapcsolatos k\u00e9relm\u00e9t az Adatkezel\u0151 el\u00e9rhet\u0151s\u00e9geire<br \/>k\u00fcldheti meg.<br \/>Amennyiben a Felhaszn\u00e1l\u00f3 \u00fagy \u00e9rzi, hogy megs\u00e9rtett\u00e9k a szem\u00e9lyes adatok v\u00e9delm\u00e9hez val\u00f3<br \/>jog\u00e1t, az ir\u00e1nyad\u00f3 jogszab\u00e1lyok szerint jogorvoslattal \u00e9lhet a hat\u00e1sk\u00f6rrel rendelkez\u0151<br \/>szervekn\u00e9l: polg\u00e1ri b\u00edr\u00f3s\u00e1g vagy panasszal fordulhat a Nemzeti Adatv\u00e9delmi \u00e9s<br \/>Inform\u00e1ci\u00f3szabads\u00e1g Hat\u00f3s\u00e1ghoz (www.naih.hu).<br \/>Jelen T\u00e1j\u00e9koztat\u00f3ra a magyar jog, k\u00fcl\u00f6n\u00f6sen az inform\u00e1ci\u00f3s \u00f6nrendelkez\u00e9si jogr\u00f3l \u00e9s az<br \/>inform\u00e1ci\u00f3szabads\u00e1gr\u00f3l sz\u00f3l\u00f3 2011. \u00e9vi CXII. t\u00f6rv\u00e9ny rendelkez\u00e9sei az ir\u00e1nyad\u00f3ak.<\/p>\t\t\t\t\t\t\t\t<\/div>\n\t\t\t\t<\/div>\n\t\t\t\t\t<\/div>\n\t\t\t\t<\/div>\n\t\t\t\t<\/div>\n\t\t","protected":false},"excerpt":{"rendered":"<p>Adatkezel\u00e9si t\u00e1j\u00e9koztat\u00f3 Kedves Vend\u00e9geink, Az aj\u00e1nlatk\u00e9r\u00e9shez \u00e9s a foglal\u00e1shoz sz\u00fcks\u00e9g\u00fcnk van n\u00e9h\u00e1ny szem\u00e9lyes adatra \u00d6n\u00f6kt\u0151l. JelenAdatkezel\u00e9si T\u00e1j\u00e9koztat\u00f3 \u00f6sszefoglalja a rozigarden.hu \u00fczemeltet\u0151je \u00e9s kezel\u0151je \u00e1ltalfolytatott adatkezel\u00e9si elveket \u00e9s annak gyakorlat\u00e1t. A Felhaszn\u00e1l\u00f3 az adatok elk\u00fcld\u00e9s\u00e9velkijelenti, hogy azok a val\u00f3s\u00e1gnak megfelelnek. Az Adatkezel\u00e9si T\u00e1j\u00e9koztat\u00f3 rendelkez\u00e9seinek kialak\u00edt\u00e1sakor kiemelten vett\u00fck figyelembe azEur\u00f3pai Parlament \u00e9s a Tan\u00e1cs 2016\/679 Rendelet\u00e9ben (\u201e\u00c1ltal\u00e1nos [&hellip;]<\/p>\n","protected":false},"author":1,"featured_media":0,"parent":0,"menu_order":0,"comment_status":"closed","ping_status":"closed","template":"","meta":{"footnotes":""},"class_list":["post-2662","page","type-page","status-publish","hentry"],"_links":{"self":[{"href":"https:\/\/www.rozigarden.hu\/en\/wp-json\/wp\/v2\/pages\/2662","targetHints":{"allow":["GET"]}}],"collection":[{"href":"https:\/\/www.rozigarden.hu\/en\/wp-json\/wp\/v2\/pages"}],"about":[{"href":"https:\/\/www.rozigarden.hu\/en\/wp-json\/wp\/v2\/types\/page"}],"author":[{"embeddable":true,"href":"https:\/\/www.rozigarden.hu\/en\/wp-json\/wp\/v2\/users\/1"}],"replies":[{"embeddable":true,"href":"https:\/\/www.rozigarden.hu\/en\/wp-json\/wp\/v2\/comments?post=2662"}],"version-history":[{"count":10,"href":"https:\/\/www.rozigarden.hu\/en\/wp-json\/wp\/v2\/pages\/2662\/revisions"}],"predecessor-version":[{"id":2679,"href":"https:\/\/www.rozigarden.hu\/en\/wp-json\/wp\/v2\/pages\/2662\/revisions\/2679"}],"wp:attachment":[{"href":"https:\/\/www.rozigarden.hu\/en\/wp-json\/wp\/v2\/media?parent=2662"}],"curies":[{"name":"wp","href":"https:\/\/api.w.org\/{rel}","templated":true}]}}