{"id":2660,"date":"2024-07-28T13:48:39","date_gmt":"2024-07-28T11:48:39","guid":{"rendered":"http:\/\/www.rozigarden.hu\/?page_id=2660"},"modified":"2024-08-13T17:34:35","modified_gmt":"2024-08-13T15:34:35","slug":"hazirend","status":"publish","type":"page","link":"https:\/\/www.rozigarden.hu\/en\/hazirend\/","title":{"rendered":"Hazirend"},"content":{"rendered":"\t\t<div data-elementor-type=\"wp-page\" data-elementor-id=\"2660\" class=\"elementor elementor-2660\" data-elementor-post-type=\"page\">\n\t\t\t\t<div class=\"elementor-element elementor-element-0bec737 e-flex e-con-boxed e-con e-parent\" data-id=\"0bec737\" data-element_type=\"container\" data-e-type=\"container\">\n\t\t\t\t\t<div class=\"e-con-inner\">\n\t\t\t\t<div class=\"elementor-element elementor-element-1d6d155 elementor-widget elementor-widget-heading\" data-id=\"1d6d155\" data-element_type=\"widget\" data-e-type=\"widget\" data-widget_type=\"heading.default\">\n\t\t\t\t<div class=\"elementor-widget-container\">\n\t\t\t\t\t<h2 class=\"elementor-heading-title elementor-size-default\">H\u00e1zirend<\/h2>\t\t\t\t<\/div>\n\t\t\t\t<\/div>\n\t\t\t\t<div class=\"elementor-element elementor-element-0e660bb elementor-widget elementor-widget-text-editor\" data-id=\"0e660bb\" data-element_type=\"widget\" data-e-type=\"widget\" data-widget_type=\"text-editor.default\">\n\t\t\t\t<div class=\"elementor-widget-container\">\n\t\t\t\t\t\t\t\t\t<p>Felt\u00f6lt\u00e9s alatt&#8230;<\/p>\t\t\t\t\t\t\t\t<\/div>\n\t\t\t\t<\/div>\n\t\t\t\t\t<\/div>\n\t\t\t\t<\/div>\n\t\t\t\t<\/div>\n\t\t","protected":false},"excerpt":{"rendered":"<p>H\u00e1zirend Felt\u00f6lt\u00e9s alatt&#8230;<\/p>\n","protected":false},"author":1,"featured_media":0,"parent":0,"menu_order":0,"comment_status":"closed","ping_status":"closed","template":"","meta":{"footnotes":""},"class_list":["post-2660","page","type-page","status-publish","hentry"],"_links":{"self":[{"href":"https:\/\/www.rozigarden.hu\/en\/wp-json\/wp\/v2\/pages\/2660","targetHints":{"allow":["GET"]}}],"collection":[{"href":"https:\/\/www.rozigarden.hu\/en\/wp-json\/wp\/v2\/pages"}],"about":[{"href":"https:\/\/www.rozigarden.hu\/en\/wp-json\/wp\/v2\/types\/page"}],"author":[{"embeddable":true,"href":"https:\/\/www.rozigarden.hu\/en\/wp-json\/wp\/v2\/users\/1"}],"replies":[{"embeddable":true,"href":"https:\/\/www.rozigarden.hu\/en\/wp-json\/wp\/v2\/comments?post=2660"}],"version-history":[{"count":11,"href":"https:\/\/www.rozigarden.hu\/en\/wp-json\/wp\/v2\/pages\/2660\/revisions"}],"predecessor-version":[{"id":2744,"href":"https:\/\/www.rozigarden.hu\/en\/wp-json\/wp\/v2\/pages\/2660\/revisions\/2744"}],"wp:attachment":[{"href":"https:\/\/www.rozigarden.hu\/en\/wp-json\/wp\/v2\/media?parent=2660"}],"curies":[{"name":"wp","href":"https:\/\/api.w.org\/{rel}","templated":true}]}}