{"id":2658,"date":"2024-07-28T13:48:21","date_gmt":"2024-07-28T11:48:21","guid":{"rendered":"http:\/\/www.rozigarden.hu\/?page_id=2658"},"modified":"2025-09-18T15:35:21","modified_gmt":"2025-09-18T13:35:21","slug":"aszf","status":"publish","type":"page","link":"https:\/\/www.rozigarden.hu\/en\/aszf\/","title":{"rendered":"ASZF"},"content":{"rendered":"\t\t<div data-elementor-type=\"wp-page\" data-elementor-id=\"2658\" class=\"elementor elementor-2658\" data-elementor-post-type=\"page\">\n\t\t\t\t<div class=\"elementor-element elementor-element-aa2b9f5 e-flex e-con-boxed e-con e-parent\" data-id=\"aa2b9f5\" data-element_type=\"container\" data-e-type=\"container\">\n\t\t\t\t\t<div class=\"e-con-inner\">\n\t\t\t\t<div class=\"elementor-element elementor-element-545babb elementor-widget elementor-widget-heading\" data-id=\"545babb\" data-element_type=\"widget\" data-e-type=\"widget\" data-widget_type=\"heading.default\">\n\t\t\t\t<div class=\"elementor-widget-container\">\n\t\t\t\t\t<h2 class=\"elementor-heading-title elementor-size-default\">\u00c1ltal\u00e1nos szerz\u0151d\u00e9si felt\u00e9telek<\/h2>\t\t\t\t<\/div>\n\t\t\t\t<\/div>\n\t\t\t\t<div class=\"elementor-element elementor-element-46a0c36 elementor-widget elementor-widget-text-editor\" data-id=\"46a0c36\" data-element_type=\"widget\" data-e-type=\"widget\" data-widget_type=\"text-editor.default\">\n\t\t\t\t<div class=\"elementor-widget-container\">\n\t\t\t\t\t\t\t\t\t<p>\u00c1ltal\u00e1nos szerz\u0151d\u00e9si felt\u00e9telek<\/p><p>1. A SZOLG\u00c1LTAT\u00d3 ADATAI<br \/><span style=\"font-weight: 400;\">A Rozi Garden Vend\u00e9gh\u00e1z \u00fczemeltet\u0151je: Kov\u00e1cs Zsuzsa<\/span><span style=\"font-weight: 400;\"><br \/><\/span><span style=\"font-weight: 400;\">Sz\u00e1ll\u00e1shely c\u00edme: 8261 Badacsonytomaj, R\u00f3mai \u00fat 246.<\/span><span style=\"font-weight: 400;\"><br \/><\/span><span style=\"font-weight: 400;\">Ad\u00f3sz\u00e1m:\u00a0 <\/span><b><\/b>68153407-1-33<br \/><span style=\"font-weight: 400;\">NTAK regisztr\u00e1ci\u00f3s sz\u00e1m: MA20012269<\/span><span style=\"font-weight: 400;\"><br \/><\/span><span style=\"font-weight: 400;\">El\u00e9rhet\u0151s\u00e9g: 2120 Dunakeszi, Vajda J\u00e1nos utca 25.<\/span><span style=\"font-weight: 400;\"><br \/><\/span><span style=\"font-weight: 400;\">Telefon: +36 30 411 8105<\/span><\/p><p>2. \u00c1LTAL\u00c1NOS SZAB\u00c1LYOK<br \/>2.1. Jelen \u201e\u00c1ltal\u00e1nos \u00dczleti Felt\u00e9telek\u201d szab\u00e1lyozz\u00e1k a Szolg\u00e1ltat\u00f3 sz\u00e1ll\u00e1shelyeinek \u00e9s azok<br \/>szolg\u00e1ltat\u00e1sainak ig\u00e9nybev\u00e9tel\u00e9t.<br \/>2.2. Speci\u00e1lis, egyedei felt\u00e9telek nem k\u00e9pezik r\u00e9sz\u00e9t a k\u00f6z\u00f6lt \u00c1ltal\u00e1nos \u00dczleti Felt\u00e9teleknek,<br \/>de nem z\u00e1rj\u00e1k ki a k\u00fcl\u00f6n meg\u00e1llapod\u00e1sok megk\u00f6t\u00e9s\u00e9t utaz\u00e1sk\u00f6zvet\u00edt\u0151kkel, szervez\u0151kkel,<br \/>esetenk\u00e9nt m\u00e1s \u00e9s m\u00e1s, az \u00fczlet t\u00edpus\u00e1nak megfelel\u0151 kond\u00edci\u00f3kkal.<\/p><p>3. SZERZ\u0150D\u0150 F\u00c9L<br \/>3.1. A Szolg\u00e1ltat\u00f3 \u00e1ltal ny\u00fajtott szolg\u00e1ltat\u00e1sokat a Vend\u00e9g veszi ig\u00e9nybe.<br \/>3.2. Amennyiben a szolg\u00e1ltat\u00e1sokra vonatkoz\u00f3 megrendel\u00e9st a Vend\u00e9g k\u00f6zvetlen\u00fcl adja le a<br \/>Szolg\u00e1ltat\u00f3nak, \u00fagy a Vend\u00e9g a Szerz\u0151d\u0151 f\u00e9l. A Szolg\u00e1ltat\u00f3 \u00e9s a Vend\u00e9g egy\u00fcttesen &#8211; a<br \/>felt\u00e9telek teljes\u00fcl\u00e9se eset\u00e9n &#8211; szerz\u0151d\u00e9ses felekk\u00e9 v\u00e1lnak (tov\u00e1bbiakban Felek).<br \/>3.3. Amennyiben a szolg\u00e1ltat\u00e1sokra vonatkoz\u00f3 megrendel\u00e9st a Vend\u00e9g megb\u00edz\u00e1s\u00e1b\u00f3l egy<br \/>harmadik szem\u00e9ly (tov\u00e1bbiakban K\u00f6zvet\u00edt\u0151) adja le a Szolg\u00e1ltat\u00f3nak, az egy\u00fcttm\u0171k\u00f6d\u00e9s<br \/>felt\u00e9teleit a Szolg\u00e1ltat\u00f3 \u00e9s a K\u00f6zvet\u00edt\u0151 k\u00f6z\u00f6tt megk\u00f6t\u00f6tt szerz\u0151d\u00e9s szab\u00e1lyozza. Ebben az<br \/>esetben a Szolg\u00e1ltat\u00f3 nem k\u00f6teles vizsg\u00e1lni, hogy a harmadik szem\u00e9ly jogszer\u0171en k\u00e9pviseli-e<br \/>a Vend\u00e9get.<\/p><p>4. A SZERZ\u0150D\u00c9S L\u00c9TREJ\u00d6TTE, A FOGLAL\u00c1S M\u00d3DJA, M\u00d3DOS\u00cdT\u00c1SA, \u00c9RTES\u00cdT\u00c9SI<br \/>K\u00d6TELEZETTS\u00c9G<\/p><p>4.1. A Szolg\u00e1ltat\u00f3 foglal\u00e1st telefonon vagy e-mailen kereszt\u00fcl fogad.<br \/>Telefonon kereszt\u00fcl kiz\u00e1r\u00f3lag t\u00e1j\u00e9koztat\u00e1st tudunk adni.<br \/>4.2. A szerz\u0151d\u00e9s a Vend\u00e9g foglal\u00e1s\u00e1ra a Szolg\u00e1ltat\u00f3 \u00e1ltal e-mailben megk\u00fcld\u00f6tt \u00a0visszaigazol\u00e1s\u00e1val \u00e9s a 4.4 pontban szerepl\u0151 el\u0151leg megfizet\u00e9s\u00e9vel j\u00f6n l\u00e9tre, \u00e9s<br \/>\u00edgy \u00edr\u00e1sban megk\u00f6t\u00f6tt szerz\u0151d\u00e9snek min\u0151s\u00fcl. A szerz\u0151d\u00e9s megk\u00f6t\u00e9s\u00e9vel egyidej\u0171leg a<br \/>Vend\u00e9g jelen \u00c1ltal\u00e1nos Szerz\u0151d\u00e9si Felt\u00e9teleit (\u00c1SZF) is elfogadja.<br \/>4.3 Sz\u00f3ban leadott foglal\u00e1s, meg\u00e1llapod\u00e1s, m\u00f3dos\u00edt\u00e1s, vagy annak a Szolg\u00e1ltat\u00f3 \u00e1ltali sz\u00f3beli<br \/>visszaigazol\u00e1sa nem szerz\u0151d\u00e9s \u00e9rt\u00e9k\u0171.<br \/>4.4 A Szolg\u00e1ltat\u00f3 fenntartja a jogot, hogy a sz\u00e1ll\u00e1sfoglal\u00e1s visszaigazol\u00e1s\u00e1ban meghat\u00e1rozott<br \/>\u00f6sszeg\u0171 el\u0151leg fizet\u00e9s\u00e9t k\u00f6sse ki, ebben az esetben a szolg\u00e1ltat\u00e1si szerz\u0151d\u00e9s az el\u0151legnek a<br \/>Szolg\u00e1ltat\u00f3 banksz\u00e1ml\u00e1j\u00e1n t\u00f6rt\u00e9n\u0151 j\u00f3v\u00e1\u00edr\u00e1s napj\u00e1n j\u00f6n l\u00e9tre. Amennyiben az el\u0151leg a<br \/>visszaigazol\u00e1sban kit\u0171z\u00f6tt hat\u00e1rnapig nem \u00e9rkezik be, akkor a Szolg\u00e1ltat\u00f3 aj\u00e1nlati k\u00f6t\u00f6tts\u00e9ge<br \/>\u00e9s szolg\u00e1ltat\u00e1si k\u00f6telezetts\u00e9ge megsz\u0171nik.<br \/>4.5. A sz\u00e1ll\u00e1s-szolg\u00e1ltat\u00e1s ig\u00e9nybev\u00e9tel\u00e9r\u0151l sz\u00f3l\u00f3 Szerz\u0151d\u00e9s meghat\u00e1rozott id\u0151tartamra sz\u00f3l.<br \/>4.5.1. Ha a Vend\u00e9g a meghat\u00e1rozott id\u0151tartam lej\u00e1rta el\u0151tt v\u00e9glegesen elhagyja a<br \/>Vend\u00e9gh\u00e1zat, a Szolg\u00e1ltat\u00f3 jogosult a Szerz\u0151d\u00e9sben kik\u00f6t\u00f6tt szolg\u00e1ltat\u00e1s teljes ellen\u00e9rt\u00e9k\u00e9re.<br \/>A lej\u00e1rati id\u0151 el\u0151tt meg\u00fcresedett Vend\u00e9gh\u00e1zat a Szolg\u00e1ltat\u00f3 jogosult \u00fajra \u00e9rt\u00e9kes\u00edteni.<br \/>4.5.2. A sz\u00e1ll\u00e1s-szolg\u00e1ltat\u00e1s ig\u00e9nybev\u00e9tel\u00e9nek Vend\u00e9g \u00e1ltal kezdem\u00e9nyezett<br \/>meghosszabb\u00edt\u00e1s\u00e1hoz a Szolg\u00e1ltat\u00f3 el\u0151zetes hozz\u00e1j\u00e1rul\u00e1sa sz\u00fcks\u00e9ges.<br \/>4.6 A Szerz\u0151d\u00e9s m\u00f3dos\u00edt\u00e1s\u00e1hoz \u00e9s\/vagy kieg\u00e9sz\u00edt\u00e9s\u00e9hez a Felek \u00e1ltal al\u00e1\u00edrt \u00edr\u00e1sbeli<br \/>meg\u00e1llapod\u00e1s sz\u00fcks\u00e9ges.<\/p><p>5. LEMOND\u00c1SI FELT\u00c9TELEK<br \/>5.1. A megrendelt sz\u00e1ll\u00e1s k\u00f6tb\u00e9r fizet\u00e9se n\u00e9lk\u00fcl az \u00e9rkez\u00e9s napj\u00e1t megel\u0151z\u0151 30. napt\u00e1ri napon t\u00fal<br \/>mondhat\u00f3 le vagy m\u00f3dos\u00edthat\u00f3, ebben az esetben a foglal\u00e1sban kik\u00f6t\u00f6tt \u00e9s megfizetett<br \/>el\u0151leg a banki k\u00f6lts\u00e9gekkel cs\u00f6kkentve visszafizet\u00e9sre ker\u00fcl, vagy egy m\u00e1sik id\u0151pontra<br \/>vonatkoz\u00f3 foglal\u00e1sra \u00e1tvihet\u0151.\u00a0<br \/>5.2 Az \u00e9rkez\u00e9st megel\u0151z\u0151 29 napon bel\u00fcli, de 10. napon t\u00fali lemond\u00e1s eset\u00e9n a fizetend\u0151<br \/>k\u00f6tb\u00e9r az el\u0151leg \u00f6sszege.\u00a0<br \/>5.3 Az \u00e9rkez\u00e9st megel\u0151z\u0151 10 napt\u00e1ri napon bel\u00fcli lemond\u00e1s eset\u00e9n a fizetend\u0151 k\u00f6tb\u00e9r a teljes<br \/>foglal\u00e1si \u00e9rt\u00e9k.<\/p><p>5.4 Lemond\u00e1s elmarad\u00e1sakor Szolg\u00e1ltat\u00f3 a teljes befizetett foglal\u00f3ra ig\u00e9nyt tart.<br \/>5.5 Lemond\u00e1s vagy a lemond\u00e1s elmarad\u00e1sa eset\u00e9n a k\u00f6tb\u00e9r fizet\u00e9s\u00e9t\u0151l f\u00fcggetlen\u00fcl a<br \/>\u200bSzolg\u00e1ltat\u00f3 elsz\u00e1ll\u00e1sol\u00e1si k\u00f6telezetts\u00e9ge megsz\u0171nik \u00e9s jogosult az ig\u00e9nybe nem vett<br \/>Vend\u00e9gh\u00e1zat m\u00e1s vend\u00e9g r\u00e9sz\u00e9re kiadni.<br \/>5.6 Ha a Szerz\u0151d\u0151 f\u00e9l a sz\u00e1ll\u00e1s-szolg\u00e1ltat\u00e1sok ig\u00e9nybev\u00e9tel\u00e9t el\u0151legfizet\u00e9ssel nem<br \/>biztos\u00edtotta az adott hat\u00e1rid\u0151ig, a Szolg\u00e1ltat\u00f3 szolg\u00e1ltat\u00e1si k\u00f6telezetts\u00e9ge megsz\u0171nik.<br \/>\u00a0<\/p><p>6. \u00c1RAK<br \/>6.1. Az \u00e1rak k\u00f6zl\u00e9sekor a Szolg\u00e1ltat\u00f3 megjel\u00f6li az \u00e1rak ad\u00f3tartalm\u00e1nak (\u00c1FA, IFA)<br \/>aj\u00e1nlatt\u00e9telkor \u00e9rv\u00e9nyes, t\u00f6rv\u00e9ny \u00e1ltal szab\u00e1lyozott m\u00e9rt\u00e9k\u00e9t. A Szolg\u00e1ltat\u00f3 a hat\u00e1lyos ad\u00f3-<br \/>t\u00f6rv\u00e9ny (\u00c1FA, IFA) m\u00f3dosul\u00e1sa miatti t\u00f6bblet terheket, el\u0151zetes \u00e9rtes\u00edt\u00e9s mellett \u00e1th\u00e1r\u00edtja a<br \/>Szerz\u0151d\u0151 f\u00e9lre.<br \/>6.2. Aktu\u00e1lis kedvezm\u00e9nyek, akci\u00f3k, egy\u00e9b aj\u00e1nlatok a honlapunkon (rozigarden.hu)<br \/>ker\u00fclnek meghirdet\u00e9sre.<\/p><p>7. FIZET\u00c9S M\u00d3DJA, GARANCIA<br \/>8.1. A Szolg\u00e1ltat\u00f3 a szolg\u00e1ltat\u00e1s Szerz\u0151d\u00e9s szerinti ig\u00e9nybev\u00e9tel\u00e9nek \u00e9s az ellen\u00e9rt\u00e9k<br \/>kiegyenl\u00edt\u00e9s\u00e9nek garant\u00e1l\u00e1s\u00e1ra a sz\u00e1ll\u00e1shely d\u00edj\u00e1nak 25%-os el\u0151leg megfizet\u00e9s\u00e9t k\u00e9ri.<br \/>8.2 A Szolg\u00e1ltat\u00f3 a Szerz\u0151d\u0151 f\u00e9l r\u00e9sz\u00e9re ny\u00fajtand\u00f3 sz\u00e1ll\u00e1shely ellen\u00e9rt\u00e9k\u00e9re legk\u00e9s\u0151bb az<br \/>\u00e9rkez\u00e9st megel\u0151z\u0151 8. napon ig\u00e9nyt tart.<br \/>8.3. A Szerz\u0151d\u0151 f\u00e9l sz\u00e1ml\u00e1j\u00e1t alapvet\u0151en HUF-ban egyenl\u00edtheti ki<br \/>a) vagy b\u00e1rmely olyan p\u00e9nznemben, melyet a Szolg\u00e1ltat\u00f3 elfogad\u00e1sra meghirdet. Az<br \/>\u00e1tsz\u00e1m\u00edt\u00e1s, illetve sz\u00e1ml\u00e1z\u00e1s ebben az esetben a Szolg\u00e1ltat\u00f3 sz\u00e1mlavezet\u0151 Bankj\u00e1nak a<br \/>Vend\u00e9g \u00e9rkez\u00e9si napj\u00e1n \u00e9rv\u00e9nyes valuta v\u00e9teli \u00e1rfolyam\u00e1n t\u00f6rt\u00e9nik.<br \/>b) a honlapon valamint a foglal\u00e1s visszaigazol\u00e1sakor megadott sz\u00e1mlasz\u00e1mra t\u00f6rt\u00e9n\u0151<br \/>utal\u00e1ssal, az el\u0151leg illet\u0151leg sz\u00e1mla kiegyenl\u00edt\u00e9se eset\u00e9n.<br \/>8.4. B\u00e1rmely fizet\u00e9si m\u00f3d alkalmaz\u00e1s\u00e1val kapcsolatos k\u00f6lts\u00e9g a Szerz\u0151d\u0151 felet terheli.<\/p><p>8. A SZOLG\u00c1LTAT\u00c1S IG\u00c9NYBEV\u00c9TEL\u00c9NEK M\u00d3DJA \u00c9S FELT\u00c9TELEI<br \/>9.1 A Vend\u00e9g a sz\u00e1ll\u00e1shelyet az \u00e9rkez\u00e9s napj\u00e1n 15 \u00f3r\u00e1t\u00f3l foglalhatja el (Check in), \u00e9s az utols\u00f3<br \/>tart\u00f3zkod\u00e1si napon d\u00e9lel\u0151tt 10:00 \u00f3r\u00e1ig k\u00f6teles elhagyni (Check out).<br \/>9.2 Ha a Vend\u00e9g a Vend\u00e9gh\u00e1zat az \u00e9rkez\u00e9s napj\u00e1n reggel 10 \u00f3ra el\u0151tt k\u00edv\u00e1nja elfoglalni &#8211; ezt<br \/>el\u0151zetesen \u00edr\u00e1sban jelzi \u00e9s a foglalts\u00e1g engedi -, \u00fagy az el\u0151z\u0151 \u00e9jszaka 50%-ban felsz\u00e1m\u00edt\u00e1sra<br \/>ker\u00fcl.<br \/>9.3 \u200bHa a Vend\u00e9g a Vend\u00e9gh\u00e1zat az elutaz\u00e1s napj\u00e1n 10 \u00f3ra ut\u00e1n k\u00edv\u00e1nja elhagyni &#8211; ezt \u00edr\u00e1sban<br \/>jelzi \u00e9s a foglalts\u00e1g engedi -, \u00fagy a k\u00f6vetkez\u0151 \u00e9jszaka 50%-ban felsz\u00e1m\u00edt\u00e1sra ker\u00fcl.<\/p><p>10. H\u00c1ZI\u00c1LLATOK, DOH\u00c1NYZ\u00c1S<br \/>10.1. A Szolg\u00e1ltat\u00f3 sz\u00e1ll\u00e1shelyeire h\u00e1zi\u00e1llat csak el\u0151zetes egyeztet\u00e9st k\u00f6vet\u0151en vihet\u0151 be.<br \/>10.2. A Szolg\u00e1ltat\u00f3 sz\u00e1ll\u00e1shely teljes \u00e9p\u00fclete nem doh\u00e1nyz\u00f3 ter\u00fclet, ez\u00e9rt az \u00e9p\u00fcletben \u00e9s<br \/>k\u00fcl\u00f6n\u00f6sen a vend\u00e9gszob\u00e1kban tilos a doh\u00e1nyz\u00e1s. Doh\u00e1nyozni az udvaron erre kijel\u00f6lt<br \/>ter\u00fcleten lehet.<br \/>10.3 Amennyiben a Vend\u00e9g a doh\u00e1nyz\u00e1si tilalmat megszegi \u00e9s ennek k\u00f6vetkezt\u00e9ben az<br \/>\u00e9p\u00fclet berendez\u00e9seiben k\u00e1r keletkezik az okozott k\u00e1rt \u00e9s k\u00f6lts\u00e9get a Vend\u00e9g t\u00e1voz\u00e1s el\u0151tt<br \/>megfizetni k\u00f6teles. Az \u00e9p\u00fcletben t\u00f6rt\u00e9n\u0151 doh\u00e1nyz\u00e1s eset\u00e9n t\u00e1voz\u00e1skor 50.000,- Ft extra d\u00edjat<br \/>sz\u00e1molunk fel.<\/p><p>11. A SZERZ\u0150D\u00c9S TELJES\u00cdT\u00c9S\u00c9NEK VISSZAUTAS\u00cdT\u00c1SA, A SZOLG\u00c1LTAT\u00c1SI K\u00d6TELEZETTS\u00c9G<br \/>MEGSZ\u0170N\u00c9SE<br \/>11.1. A Szolg\u00e1ltat\u00f3 jogosult a szolg\u00e1ltat\u00e1saira sz\u00f3l\u00f3 Szerz\u0151d\u00e9st azonnali hat\u00e1llyal felmondani,<br \/>\u00edgy a szolg\u00e1ltat\u00e1sok ny\u00fajt\u00e1s\u00e1t megtagadni, ha:<br \/>a) a Vend\u00e9g nem rendeltet\u00e9sszer\u0171en haszn\u00e1lja a rendelkez\u00e9sre bocs\u00e1tott Vend\u00e9gh\u00e1zat<br \/>(bele\u00e9rtve az \u00e9p\u00fcletet, a hozz\u00e1 tartoz\u00f3 \u00e9p\u00fcletr\u00e9szeket, kertet, l\u00e9tes\u00edtm\u00e9nyt illetve<br \/>eszk\u00f6z\u00f6ket) \u00e9s\/vagy sz\u00e1nd\u00e9kosan k\u00e1rt okoz,<br \/>b) a Vend\u00e9g megszegi a sz\u00e1ll\u00e1s \u00e9s szolg\u00e1ltat\u00f3 hely biztons\u00e1g\u00e1val, rendj\u00e9vel kapcsolatos<br \/>szab\u00e1lyokat, a Vend\u00e9gh\u00e1z H\u00e1zirendj\u00e9t, Szolg\u00e1ltat\u00f3 k\u00e9pvisel\u0151ivel m\u00e1s Vend\u00e9gekkel vagy a<br \/>szomsz\u00e9dokkal, kifog\u00e1solhat\u00f3 m\u00f3don durv\u00e1n viselkedik, alkohol \u00e9s\/vagy drogok befoly\u00e1sa<br \/>alatt \u00e1ll, fenyeget\u0151, s\u00e9rt\u0151 vagy m\u00e1s elfogadhatatlan viselked\u00e9st tan\u00fas\u00edt,<br \/>c) a Vend\u00e9g fert\u0151z\u0151 betegs\u00e9gben szenved,<br \/>d) a Szerz\u0151d\u0151 f\u00e9l nem teljes\u00edti a Szerz\u0151d\u00e9sben meghat\u00e1rozott el\u0151leg-fizet\u00e9si k\u00f6telezetts\u00e9g\u00e9t<br \/>a meghat\u00e1rozott id\u0151pontig.<\/p><p>12. NEM TELJES\u00cdT\u00c9S<br \/>12.1. Amennyiben a Szolg\u00e1ltat\u00f3 a Szerz\u0151d\u00e9sben szerepl\u0151 szolg\u00e1ltat\u00e1sokat saj\u00e1t hib\u00e1j\u00e1b\u00f3l (pl.<br \/>t\u00falt\u00f6lt\u00e9s, ideiglenes \u00fczemeltet\u00e9si probl\u00e9m\u00e1k stb.) nem tudja biztos\u00edtani, a Szolg\u00e1ltat\u00f3 k\u00f6teles<br \/>az al\u00e1bbi kompenz\u00e1ci\u00f3s lehet\u0151s\u00e9gek egyik\u00e9t a Vend\u00e9g k\u00e9r\u00e9s\u00e9nek megfelel\u0151en ny\u00fajtani:<br \/>a) Szerz\u0151d\u00e9sben szerepl\u0151 sz\u00e1ll\u00e1shelyszolg\u00e1ltat\u00e1s Vend\u00e9g \u00e1ltal megfizetett, de Szolg\u00e1ltat\u00f3<br \/>hib\u00e1j\u00e1b\u00f3l meghi\u00fasult szolg\u00e1ltat\u00e1s d\u00edj\u00e1t azonnal visszafizetni,<br \/>b) a Szerz\u0151d\u00e9sben szerepl\u0151 sz\u00e1ll\u00e1shelyszolg\u00e1ltat\u00e1st az abban visszaigazolt \u00e1ron, az ott<br \/>kik\u00f6t\u00f6tt id\u0151tartamra egy k\u00e9s\u0151bbi, a Vend\u00e9g \u00e1ltal kiv\u00e1lasztott id\u0151pontban biztos\u00edtani.<br \/>12.3. Amennyiben a Szolg\u00e1ltat\u00f3 ezen k\u00f6telezetts\u00e9geinek marad\u00e9ktalanul eleget tesz, illetve,<br \/>ha a Vend\u00e9g a sz\u00e1m\u00e1ra felaj\u00e1nlott helyettes\u00edt\u0151 sz\u00e1ll\u00e1slehet\u0151s\u00e9get elfogadta, ut\u00f3lagos<br \/>k\u00e1rt\u00e9r\u00edt\u00e9si ig\u00e9nnyel a Szerz\u0151d\u0151 f\u00e9l nem \u00e9lhet.<\/p><p>13. A SZERZ\u0150D\u0150 F\u00c9L JOGAI<br \/>13.1. A Szerz\u0151d\u00e9s \u00e9rtelm\u00e9ben a Vend\u00e9g jogosult a sz\u00e1ll\u00e1shely azon l\u00e9tes\u00edtm\u00e9nyeinek<br \/>rendeltet\u00e9sszer\u0171 haszn\u00e1lat\u00e1ra, melyek beletartoznak a szok\u00e1sos szolg\u00e1ltat\u00e1si k\u00f6rbe, \u00e9s nem<br \/>esnek speci\u00e1lis felt\u00e9telek hat\u00e1lya al\u00e1.<br \/>13.2. A Vend\u00e9g a Szolg\u00e1ltat\u00f3 \u00e1ltal ny\u00fajtott szolg\u00e1ltat\u00e1sok teljes\u00edt\u00e9s\u00e9vel kapcsolatban<br \/>panasszal \u00e9lhet a sz\u00e1ll\u00e1s \u00e9s szolg\u00e1ltat\u00f3 helyen val\u00f3 tart\u00f3zkod\u00e1s id\u0151tartama alatt. A<br \/>Szolg\u00e1ltat\u00f3 ezen id\u0151szakban hozz\u00e1 \u00edr\u00e1sban igazoltan eljuttatott (vagy \u00e1ltala jegyz\u0151k\u00f6nyvbe<br \/>felvett) panasz kezel\u00e9s\u00e9re v\u00e1llal k\u00f6telezetts\u00e9get.<br \/>13.3 A Vend\u00e9g panaszt\u00e9teli joga a sz\u00e1ll\u00e1s \u00e9s szolg\u00e1ltat\u00f3 helyr\u0151l t\u00f6rt\u00e9nt t\u00e1voz\u00e1s\u00e1t k\u00f6vet\u0151en<br \/>megsz\u0171nik.<\/p><p>14. A SZERZ\u0150D\u0150 F\u00c9L K\u00d6TELEZETTS\u00c9GEI<br \/>14.1. Szerz\u0151d\u0151 f\u00e9l k\u00f6teles a Szerz\u0151d\u00e9sben megrendelt szolg\u00e1ltat\u00e1sok ellen\u00e9rt\u00e9k\u00e9t a<br \/>Szerz\u0151d\u00e9sben meghat\u00e1rozott id\u0151pontig \u00e9s m\u00f3don kiegyenl\u00edteni.<br \/>14.2. A Vend\u00e9g a sz\u00e1ll\u00e1shelyen saj\u00e1t felel\u0151ss\u00e9g\u00e9re tartozk\u00f3dhat, k\u00f6teles betartani a t\u0171z- \u00e9s<br \/>t\u0171zrend\u00e9szetre vonatkoz\u00f3, valamit H\u00e1zirendben megfogalmazott valamennyi szab\u00e1lyt.<br \/>14.3 A Vend\u00e9g gondoskodik arr\u00f3l, hogy a felel\u0151ss\u00e9ge al\u00e1 tartoz\u00f3 gyermek csak feln\u0151tt<br \/>fel\u00fcgyelete mellett tart\u00f3zkodjon a Szolg\u00e1ltat\u00f3 l\u00e9tes\u00edtm\u00e9nyeiben.<\/p><p>15. A SZERZ\u0150D\u0150 F\u00c9L K\u00c1RT\u00c9R\u00cdT\u00c9SI FELEL\u0150SS\u00c9GE<br \/>15.1 A Vend\u00e9g mindazon k\u00e1rok\u00e9rt \u00e9s h\u00e1tr\u00e1nyok\u00e9rt felel\u0151s, melyeket a Szolg\u00e1ltat\u00f3 vagy<br \/>harmadik szem\u00e9ly a Vend\u00e9g, vagy k\u00eds\u00e9r\u0151je, vagy az \u0151 felel\u0151ss\u00e9ge al\u00e1 tartoz\u00f3 m\u00e1s szem\u00e9lyek<\/p><p>hib\u00e1j\u00e1b\u00f3l elszenved. E felel\u0151ss\u00e9g akkor is fenn\u00e1ll, amennyiben a k\u00e1rosultnak jog\u00e1ban \u00e1ll<br \/>k\u00e1r\u00e1nak megt\u00e9r\u00edt\u00e9s\u00e9t k\u00f6zvetlen\u00fcl a Szolg\u00e1ltat\u00f3t\u00f3l ig\u00e9nyelni.<br \/>15.2 Amennyiben a Vend\u00e9g elveszti a Vend\u00e9gh\u00e1z kulcs\u00e1t, a p\u00f3tl\u00e1sa a Vend\u00e9get terheli 10.000<br \/>Ft \u00e9rt\u00e9kben.<\/p><p>16. A SZOLG\u00c1LTAT\u00d3 JOGAI<br \/>Amennyiben a Vend\u00e9g az ig\u00e9nybe vett, vagy a Szerz\u0151d\u00e9sben megrendelt, de ig\u00e9nybe nem<br \/>vett k\u00f6tb\u00e9rk\u00f6teles szolg\u00e1ltat\u00e1sok d\u00edj\u00e1nak megfizet\u00e9s\u00e9re vonatkoz\u00f3 k\u00f6telezetts\u00e9g\u00e9nek nem<br \/>tesz eleget, a Szolg\u00e1ltat\u00f3t k\u00f6vetel\u00e9sei biztos\u00edt\u00e1s\u00e1ra z\u00e1logjog illeti meg a vend\u00e9gnek azon a<br \/>szem\u00e9lyes tulajdont\u00e1rgyain, amelyeket a sz\u00e1ll\u00e1shelyre mag\u00e1val vitt.<\/p><p>17. SZOLG\u00c1LTAT\u00d3 K\u00d6TELEZETTS\u00c9GE<br \/>A Szolg\u00e1ltat\u00f3 k\u00f6teles;<br \/>a) a szerz\u0151d\u00e9s alapj\u00e1n megrendelt sz\u00e1ll\u00e1s \u00e9s egy\u00e9b szolg\u00e1ltat\u00e1st az \u00e9rv\u00e9nyes el\u0151\u00edr\u00e1sok,<br \/>szolg\u00e1ltat\u00e1s standardek szerint teljes\u00edteni<br \/>b) a vend\u00e9g \u00edr\u00e1sos panasz\u00e1t kivizsg\u00e1lni \u00e9s a probl\u00e9ma kezel\u00e9s\u00e9hez sz\u00fcks\u00e9ges l\u00e9p\u00e9seket<br \/>megtenni, melyet k\u00f6teles \u00edr\u00e1sban is r\u00f6gz\u00edteni.<\/p><p>18. A SZOLG\u00c1LTAT\u00d3 K\u00c1RT\u00c9R\u00cdT\u00c9SI FELEL\u0150SS\u00c9GE<br \/>18.1. A Szolg\u00e1ltat\u00f3 felel\u0151ss\u00e9get v\u00e1llal minden olyan, a Vend\u00e9get \u00e9rt k\u00e1r\u00e9rt, mely a sz\u00e1ll\u00e1shely<br \/>\u00e9p\u00fclet\u00e9n bel\u00fcl a Szolg\u00e1ltat\u00f3, vagy Szolg\u00e1ltat\u00f3 k\u00e9pvisel\u0151inek hib\u00e1j\u00e1b\u00f3l k\u00f6vetkezett be.<br \/>18.1.1. A Szolg\u00e1ltat\u00f3 felel\u0151ss\u00e9ge nem terjed ki azokra a k\u00e1resem\u00e9nyekre, amelyek a<br \/>Szolg\u00e1ltat\u00f3 vagy Szolg\u00e1ltat\u00f3 k\u00e9pvisel\u0151inek k\u00f6r\u00e9n k\u00edv\u00fcl es\u0151 elh\u00e1r\u00edthatatlan ok miatt<br \/>k\u00f6vetkeztek be, vagy azokat a vend\u00e9g maga okozta.<br \/>18.1.2. A Szolg\u00e1ltat\u00f3 kijel\u00f6lhet olyan helyeket a sz\u00e1ll\u00e1shelyen, ahov\u00e1 Vend\u00e9g nem l\u00e9phet be.<br \/>Az ilyen helyeken t\u00f6rt\u00e9nt esetleges k\u00e1r\u00e9rt, s\u00e9r\u00fcl\u00e9s\u00e9rt a Szolg\u00e1ltat\u00f3 felel\u0151ss\u00e9get nem v\u00e1llal.<br \/>18.1.3. A Vend\u00e9gnek az \u0151t \u00e9rt k\u00e1rt azonnal jelentenie kell a Szolg\u00e1ltat\u00f3nak, \u00e9s minden<br \/>sz\u00fcks\u00e9ges adatot a Szolg\u00e1ltat\u00f3 rendelkez\u00e9s\u00e9re kell bocs\u00e1tania, amely a k\u00e1reset<br \/>k\u00f6r\u00fclm\u00e9nyeinek tiszt\u00e1z\u00e1s\u00e1hoz, esetleg a rend\u0151rs\u00e9gi jegyz\u0151k\u00f6nyv felv\u00e9tel\u00e9hez\/rend\u0151rs\u00e9gi<br \/>elj\u00e1r\u00e1shoz sz\u00fcks\u00e9ges.<br \/>18.2. \u00c9rt\u00e9kt\u00e1rgyak\u00e9rt, \u00e9rt\u00e9kpap\u00edrok\u00e9rt \u00e9s k\u00e9szp\u00e9nz\u00e9rt a Szolg\u00e1ltat\u00f3 csak akkor felel\u0151s, ha a<br \/>dolgot meg\u0151rz\u00e9sre kifejezetten \u00e1tvette, vagy a k\u00e1r olyan okb\u00f3l k\u00f6vetkezett be, amely\u00e9rt az<br \/>\u00e1ltal\u00e1nos szab\u00e1lyok szerint felel\u0151ss\u00e9ggel tartozik. Ebben az esetben a bizony\u00edt\u00e1s a Vend\u00e9get<br \/>terheli.<\/p><p>18.3 A k\u00e1rt\u00e9r\u00edt\u00e9s m\u00e9rt\u00e9ke a Vend\u00e9g bizony\u00edthat\u00f3 anyagi k\u00e1ra, de legfeljebb a Szerz\u0151d\u00e9s<br \/>szerinti napi sz\u00e1ll\u00e1shely\u00e1r \u00f6sszeg\u00e9nek \u00f6tsz\u00f6r\u00f6se.<\/p><p>19. TITOKTART\u00c1S<br \/>A Szolg\u00e1ltat\u00f3 a Szerz\u0151d\u00e9sben foglalt k\u00f6telezetts\u00e9ge teljes\u00edt\u00e9se soron k\u00f6teles a szem\u00e9lyes<br \/>adatok v\u00e9delm\u00e9r\u0151l \u00e9s a k\u00f6z\u00e9rdek\u0171 adatok nyilv\u00e1noss\u00e1g\u00e1r\u00f3l sz\u00f3l\u00f3 1992. \u00e9vi LXIII. T\u00f6rv\u00e9ny, \u00e9s<br \/>az adatv\u00e9delemmel kapcsolatos vonatkoz\u00f3 jogszab\u00e1lyok rendelkez\u00e9seinek &#8211; \u00e9s amennyiben<br \/>ezt a Szerz\u0151d\u0151 f\u00e9l a Szolg\u00e1ltat\u00f3 tudom\u00e1s\u00e1ra hozta &#8211; a Szerz\u0151d\u0151 f\u00e9l vonatkoz\u00f3 bels\u0151<br \/>szab\u00e1lyainak megfelel\u0151en elj\u00e1rni.<\/p><p>20. VIS MAJOR<br \/>20.1 Azon ok, vagy k\u00f6r\u00fclm\u00e9ny (p\u00e9ld\u00e1ul; h\u00e1bor\u00fa, t\u0171z, \u00e1rv\u00edz, id\u0151j\u00e1r\u00e1sbeli viszontags\u00e1g,<br \/>k\u00f6z\u00fczemi szolg\u00e1ltat\u00e1sok hi\u00e1nya, sztr\u00e1jk bek\u00f6vetkez\u00e9se), amely felett a f\u00e9l nem b\u00edr<br \/>ellen\u0151rz\u00e9ssel (vis major), b\u00e1rmely felet felmentik a Szerz\u0151d\u00e9sb\u0151l ered\u0151 k\u00f6teless\u00e9geik<br \/>teljes\u00edt\u00e9si al\u00f3l, am\u00edg ezen ok vagy k\u00f6r\u00fclm\u00e9ny fenn\u00e1ll.<br \/>20.2 Amennyiben a vis maior csak k\u00e9sedelmet id\u00e9z el\u0151, a vis maiornak tekintett napokra<br \/>megfizetett sz\u00e1ll\u00e1shely d\u00edj visszat\u00e9r\u00edt\u00e9sre ker\u00fcl.<br \/>20.3 Amennyiben a vis maior k\u00f6r\u00fclm\u00e9ny lehetetlenn\u00e9 teszi a szerz\u0151d\u00e9s teljes\u00fcl\u00e9s\u00e9t a<br \/>szerz\u0151d\u00e9s megsz\u0171nik \u00e9s a megfizetett el\u0151leg ill. sz\u00e1ll\u00e1shelyd\u00edj visszat\u00e9r\u00edt\u00e9sre ker\u00fcl.<br \/>20.4 A felek egyet\u00e9rtenek abban, hogy minden t\u0151l\u00fck telhet\u0151t megtesznek, hogy ezen okok \u00e9s<br \/>k\u00f6r\u00fclm\u00e9nyek bek\u00f6vetkezt\u00e9nek lehet\u0151s\u00e9g\u00e9t a lehet\u0151 legalacsonyabb szintre szor\u00edts\u00e1k, \u00e9s az<br \/>ez\u00e1ltal okozott k\u00e1rt vagy k\u00e9sedelmet a lehet\u0151 leghamarabb helyrehozz\u00e1k.<\/p><p>21. A FELEK JOGVISZONY\u00c1BAN ALKALMAZAND\u00d3 JOG, ELJ\u00c1R\u00d3 B\u00cdR\u00d3S\u00c1G<br \/>A Szolg\u00e1ltat\u00f3 \u00e9s a Szerz\u0151d\u0151 f\u00e9l k\u00f6z\u00f6tti jogviszonyra a magyar Polg\u00e1ri T\u00f6rv\u00e9nyk\u00f6nyv<br \/>rendelkez\u00e9sei az ir\u00e1nyad\u00f3ak. A szolg\u00e1ltat\u00e1si szerz\u0151d\u00e9sb\u0151l ered\u0151 b\u00e1rmely jogvita<br \/>lefolytat\u00e1s\u00e1ra a szolg\u00e1ltat\u00e1s helye szerint hat\u00e1sk\u00f6rrel rendelkez\u0151 b\u00edr\u00f3s\u00e1g az illet\u00e9kes.<\/p><p>22. WEBOLDAL<br \/>A Szolg\u00e1ltat\u00f3 nincs befoly\u00e1ssal a weboldalain belinkelt vagy hivatkozott, harmadik f\u00e9l<br \/>tulajdon\u00e1ban l\u00e9v\u0151 anyag megtervez\u00e9s\u00e9re \u00e9s tartalm\u00e1ra.<br \/>A Szerz\u0151d\u0151 f\u00e9l az \u00c1ltal\u00e1nos Szerz\u0151d\u00e9si Felt\u00e9teket a rozigarden.hu oldalon a foglal\u00e1ssal<br \/>egyidej\u0171leg megismerte, tudom\u00e1sul vette, annak k\u00f6telezetts\u00e9geit mag\u00e1ra n\u00e9zve elismeri.<\/p><p>\u00c9rv\u00e9nyes 2023. \u00e1prilis 1-t\u0151l visszavon\u00e1sig.<\/p>\t\t\t\t\t\t\t\t<\/div>\n\t\t\t\t<\/div>\n\t\t\t\t\t<\/div>\n\t\t\t\t<\/div>\n\t\t\t\t<\/div>\n\t\t","protected":false},"excerpt":{"rendered":"<p>\u00c1ltal\u00e1nos szerz\u0151d\u00e9si felt\u00e9telek \u00c1ltal\u00e1nos szerz\u0151d\u00e9si felt\u00e9telek 1. A SZOLG\u00c1LTAT\u00d3 ADATAIA Rozi Garden Vend\u00e9gh\u00e1z \u00fczemeltet\u0151je: Kov\u00e1cs ZsuzsaSz\u00e1ll\u00e1shely c\u00edme: 8261 Badacsonytomaj, R\u00f3mai \u00fat 246.Ad\u00f3sz\u00e1m:\u00a0 68153407-1-33NTAK regisztr\u00e1ci\u00f3s sz\u00e1m: MA20012269El\u00e9rhet\u0151s\u00e9g: 2120 Dunakeszi, Vajda J\u00e1nos utca 25.Telefon: +36 30 411 8105 2. \u00c1LTAL\u00c1NOS SZAB\u00c1LYOK2.1. Jelen \u201e\u00c1ltal\u00e1nos \u00dczleti Felt\u00e9telek\u201d szab\u00e1lyozz\u00e1k a Szolg\u00e1ltat\u00f3 sz\u00e1ll\u00e1shelyeinek \u00e9s azokszolg\u00e1ltat\u00e1sainak ig\u00e9nybev\u00e9tel\u00e9t.2.2. Speci\u00e1lis, egyedei felt\u00e9telek nem k\u00e9pezik [&hellip;]<\/p>\n","protected":false},"author":1,"featured_media":0,"parent":0,"menu_order":0,"comment_status":"closed","ping_status":"closed","template":"","meta":{"footnotes":""},"class_list":["post-2658","page","type-page","status-publish","hentry"],"_links":{"self":[{"href":"https:\/\/www.rozigarden.hu\/en\/wp-json\/wp\/v2\/pages\/2658","targetHints":{"allow":["GET"]}}],"collection":[{"href":"https:\/\/www.rozigarden.hu\/en\/wp-json\/wp\/v2\/pages"}],"about":[{"href":"https:\/\/www.rozigarden.hu\/en\/wp-json\/wp\/v2\/types\/page"}],"author":[{"embeddable":true,"href":"https:\/\/www.rozigarden.hu\/en\/wp-json\/wp\/v2\/users\/1"}],"replies":[{"embeddable":true,"href":"https:\/\/www.rozigarden.hu\/en\/wp-json\/wp\/v2\/comments?post=2658"}],"version-history":[{"count":19,"href":"https:\/\/www.rozigarden.hu\/en\/wp-json\/wp\/v2\/pages\/2658\/revisions"}],"predecessor-version":[{"id":3288,"href":"https:\/\/www.rozigarden.hu\/en\/wp-json\/wp\/v2\/pages\/2658\/revisions\/3288"}],"wp:attachment":[{"href":"https:\/\/www.rozigarden.hu\/en\/wp-json\/wp\/v2\/media?parent=2658"}],"curies":[{"name":"wp","href":"https:\/\/api.w.org\/{rel}","templated":true}]}}