{"id":2417,"date":"2024-07-22T15:11:50","date_gmt":"2024-07-22T13:11:50","guid":{"rendered":"http:\/\/www.rozigarden.hu\/?page_id=2417"},"modified":"2026-01-10T18:26:11","modified_gmt":"2026-01-10T17:26:11","slug":"minden-szoba","status":"publish","type":"page","link":"https:\/\/www.rozigarden.hu\/en\/minden-szoba\/","title":{"rendered":"Minden szoba"},"content":{"rendered":"\t\t<div data-elementor-type=\"wp-page\" data-elementor-id=\"2417\" class=\"elementor elementor-2417\" data-elementor-post-type=\"page\">\n\t\t\t\t\t\t<section class=\"elementor-section elementor-top-section elementor-element elementor-element-4033b62d elementor-section-boxed elementor-section-height-default elementor-section-height-default\" data-id=\"4033b62d\" data-element_type=\"section\" data-e-type=\"section\">\n\t\t\t\t\t\t<div class=\"elementor-container elementor-column-gap-default\">\n\t\t\t\t\t<div class=\"elementor-column elementor-col-100 elementor-top-column elementor-element elementor-element-1a459e0f\" data-id=\"1a459e0f\" data-element_type=\"column\" data-e-type=\"column\" data-settings=\"{&quot;background_background&quot;:&quot;classic&quot;}\">\n\t\t\t<div class=\"elementor-widget-wrap elementor-element-populated\">\n\t\t\t\t\t<div class=\"elementor-background-overlay\"><\/div>\n\t\t\t\t\t\t<div class=\"elementor-element elementor-element-5b4defce elementor-invisible elementor-widget elementor-widget-heading\" data-id=\"5b4defce\" data-element_type=\"widget\" data-e-type=\"widget\" data-settings=\"{&quot;_animation&quot;:&quot;slideInUp&quot;}\" data-widget_type=\"heading.default\">\n\t\t\t\t<div class=\"elementor-widget-container\">\n\t\t\t\t\t<h1 class=\"elementor-heading-title elementor-size-default\">Szob\u00e1ink<\/h1>\t\t\t\t<\/div>\n\t\t\t\t<\/div>\n\t\t\t\t<div class=\"elementor-element elementor-element-ea48087 elementor-widget elementor-widget-text-editor\" data-id=\"ea48087\" data-element_type=\"widget\" data-e-type=\"widget\" data-widget_type=\"text-editor.default\">\n\t\t\t\t<div class=\"elementor-widget-container\">\n\t\t\t\t\t\t\t\t\t<p>A Rozi Garden Vend\u00e9gh\u00e1zban 3 db 2 \u00e1gyas (francia\u00e1gy), 1 db 3 \u00e1gyas (francia\u00e1gy+1\u00e1gy) , 1 db 5 \u00e1gyas appartman (2 szoba, konyhasarok, f\u00fcrd\u0151szoba) \u00e9s 1 db k\u00fcl\u00f6n\u00e1ll\u00f3 2 \u00e1gyas (francia\u00e1gy) bungall\u00f3 foglalhat\u00f3.<\/p><p>Minden szob\u00e1nk p\u00f3t\u00e1gyazhat\u00f3.\u00a0<\/p><p>A h\u00e1zban nagy k\u00f6z\u00f6ss\u00e9gi t\u00e9r \u00e1ll vend\u00e9geink rendelkez\u00e9s\u00e9re, h\u0171t\u0151szekr\u00e9nyekkel, k\u00e1v\u00e9f\u0151z\u0151vel, mikr\u00f3val, t\u0171zhellyel, felszerelt konyh\u00e1val, \u00e9tkez\u0151vel, billi\u00e1rd asztallal, nagy k\u00e9perny\u0151s tv-vel, \u00fcl\u0151garnitur\u00e1val. Innen k\u00f6zel\u00edthet\u0151 meg a pihen\u0151teraszunk is.<\/p>\t\t\t\t\t\t\t\t<\/div>\n\t\t\t\t<\/div>\n\t\t\t\t\t<\/div>\n\t\t<\/div>\n\t\t\t\t\t<\/div>\n\t\t<\/section>\n\t\t<div class=\"elementor-element elementor-element-6b56e76 e-flex e-con-boxed e-con e-parent\" data-id=\"6b56e76\" data-element_type=\"container\" data-e-type=\"container\">\n\t\t\t\t\t<div class=\"e-con-inner\">\n\t\t\t\t<div class=\"elementor-element elementor-element-0c6765a elementor-widget elementor-widget-jet-listing-grid\" data-id=\"0c6765a\" data-element_type=\"widget\" data-e-type=\"widget\" data-settings=\"{&quot;columns&quot;:&quot;2&quot;,&quot;columns_mobile&quot;:&quot;1&quot;}\" data-widget_type=\"jet-listing-grid.default\">\n\t\t\t\t<div class=\"elementor-widget-container\">\n\t\t\t\t\t<div class=\"jet-listing-grid jet-listing-grid--lazy-load jet-listing jet-listing-grid-loading\" data-lazy-load=\"{&quot;offset&quot;:&quot;0px&quot;,&quot;post_id&quot;:2417,&quot;queried_id&quot;:&quot;2417|WP_Post&quot;}\"><div class=\"jet-listing-grid__loader\"><div class=\"jet-listing-grid__loader-spinner\"><\/div><\/div><\/div>\t\t\t\t<\/div>\n\t\t\t\t<\/div>\n\t\t\t\t\t<\/div>\n\t\t\t\t<\/div>\n\t\t\t\t<section class=\"elementor-section elementor-top-section elementor-element elementor-element-6e206788 elementor-section-boxed elementor-section-height-default elementor-section-height-default\" data-id=\"6e206788\" data-element_type=\"section\" data-e-type=\"section\">\n\t\t\t\t\t\t<div class=\"elementor-container elementor-column-gap-default\">\n\t\t\t\t\t<div class=\"elementor-column elementor-col-100 elementor-top-column elementor-element elementor-element-2ba09591\" data-id=\"2ba09591\" data-element_type=\"column\" data-e-type=\"column\">\n\t\t\t<div class=\"elementor-widget-wrap elementor-element-populated\">\n\t\t\t\t\t\t<div class=\"elementor-element elementor-element-7b1e1b1e elementor-widget elementor-widget-heading\" data-id=\"7b1e1b1e\" data-element_type=\"widget\" data-e-type=\"widget\" data-widget_type=\"heading.default\">\n\t\t\t\t<div class=\"elementor-widget-container\">\n\t\t\t\t\t<h2 class=\"elementor-heading-title elementor-size-default\">Reggeli<\/h2>\t\t\t\t<\/div>\n\t\t\t\t<\/div>\n\t\t\t\t<div class=\"elementor-element elementor-element-21e89dc5 elementor-widget elementor-widget-heading\" data-id=\"21e89dc5\" data-element_type=\"widget\" data-e-type=\"widget\" data-widget_type=\"heading.default\">\n\t\t\t\t<div class=\"elementor-widget-container\">\n\t\t\t\t\t<h4 class=\"elementor-heading-title elementor-size-default\">Ig\u00e9ny szerint: 3.000 Ft\/feln\u0151tt, 2.000 Ft\/gyerek<\/h4>\t\t\t\t<\/div>\n\t\t\t\t<\/div>\n\t\t\t\t\t<\/div>\n\t\t<\/div>\n\t\t\t\t\t<\/div>\n\t\t<\/section>\n\t\t\t\t<section class=\"elementor-section elementor-top-section elementor-element elementor-element-5204fb57 elementor-section-boxed elementor-section-height-default elementor-section-height-default\" data-id=\"5204fb57\" data-element_type=\"section\" data-e-type=\"section\">\n\t\t\t\t\t\t<div class=\"elementor-container elementor-column-gap-default\">\n\t\t\t\t\t<div class=\"elementor-column elementor-col-33 elementor-top-column elementor-element elementor-element-28b7ad32\" data-id=\"28b7ad32\" data-element_type=\"column\" data-e-type=\"column\">\n\t\t\t<div class=\"elementor-widget-wrap elementor-element-populated\">\n\t\t\t\t\t\t<div class=\"elementor-element elementor-element-569ed3f0 elementor-widget-divider--view-line elementor-widget elementor-widget-divider\" data-id=\"569ed3f0\" data-element_type=\"widget\" data-e-type=\"widget\" data-widget_type=\"divider.default\">\n\t\t\t\t<div class=\"elementor-widget-container\">\n\t\t\t\t\t\t\t<div class=\"elementor-divider\">\n\t\t\t<span class=\"elementor-divider-separator\">\n\t\t\t\t\t\t<\/span>\n\t\t<\/div>\n\t\t\t\t\t\t<\/div>\n\t\t\t\t<\/div>\n\t\t\t\t\t<\/div>\n\t\t<\/div>\n\t\t\t\t<div class=\"elementor-column elementor-col-66 elementor-top-column elementor-element elementor-element-56a65191\" data-id=\"56a65191\" data-element_type=\"column\" data-e-type=\"column\" data-settings=\"{&quot;background_background&quot;:&quot;classic&quot;}\">\n\t\t\t<div class=\"elementor-widget-wrap elementor-element-populated\">\n\t\t\t\t\t\t<section class=\"elementor-section elementor-inner-section elementor-element elementor-element-90bfc27 elementor-section-boxed elementor-section-height-default elementor-section-height-default\" data-id=\"90bfc27\" data-element_type=\"section\" data-e-type=\"section\">\n\t\t\t\t\t\t<div class=\"elementor-container elementor-column-gap-default\">\n\t\t\t\t\t<div class=\"elementor-column elementor-col-50 elementor-inner-column elementor-element elementor-element-3fd9f55b\" data-id=\"3fd9f55b\" data-element_type=\"column\" data-e-type=\"column\">\n\t\t\t<div class=\"elementor-widget-wrap elementor-element-populated\">\n\t\t\t\t\t\t<div class=\"elementor-element elementor-element-4e6fac84 elementor-widget elementor-widget-image\" data-id=\"4e6fac84\" data-element_type=\"widget\" data-e-type=\"widget\" data-widget_type=\"image.default\">\n\t\t\t\t<div class=\"elementor-widget-container\">\n\t\t\t\t\t\t\t\t\t\t\t\t\t\t\t<img fetchpriority=\"high\" decoding=\"async\" width=\"632\" height=\"474\" src=\"https:\/\/www.rozigarden.hu\/wp-content\/uploads\/2022\/02\/IMG_0613_reggeli-letakarva_H474.jpg\" class=\"attachment-full size-full wp-image-1169\" alt=\"\" srcset=\"https:\/\/www.rozigarden.hu\/wp-content\/uploads\/2022\/02\/IMG_0613_reggeli-letakarva_H474.jpg 632w, https:\/\/www.rozigarden.hu\/wp-content\/uploads\/2022\/02\/IMG_0613_reggeli-letakarva_H474-300x225.jpg 300w, https:\/\/www.rozigarden.hu\/wp-content\/uploads\/2022\/02\/IMG_0613_reggeli-letakarva_H474-160x120.jpg 160w, https:\/\/www.rozigarden.hu\/wp-content\/uploads\/2022\/02\/IMG_0613_reggeli-letakarva_H474-107x80.jpg 107w, https:\/\/www.rozigarden.hu\/wp-content\/uploads\/2022\/02\/IMG_0613_reggeli-letakarva_H474-394x296.jpg 394w\" sizes=\"(max-width: 632px) 100vw, 632px\" \/>\t\t\t\t\t\t\t\t\t\t\t\t\t\t\t<\/div>\n\t\t\t\t<\/div>\n\t\t\t\t\t<\/div>\n\t\t<\/div>\n\t\t\t\t<div class=\"elementor-column elementor-col-50 elementor-inner-column elementor-element elementor-element-2a9aec22\" data-id=\"2a9aec22\" data-element_type=\"column\" data-e-type=\"column\">\n\t\t\t<div class=\"elementor-widget-wrap elementor-element-populated\">\n\t\t\t\t\t\t<div class=\"elementor-element elementor-element-5152711c elementor-widget__width-initial elementor-widget elementor-widget-text-editor\" data-id=\"5152711c\" data-element_type=\"widget\" data-e-type=\"widget\" data-widget_type=\"text-editor.default\">\n\t\t\t\t<div class=\"elementor-widget-container\">\n\t\t\t\t\t\t\t\t\t<p>A reggelit nem\u00a0 \u00e9p\u00edtett\u00fck be a szoba\u00e1rba: ha szeretn\u00e9tek, lehettek \u00f6nell\u00e1t\u00f3ak (a h\u00e1z ehhez minden felt\u00e9telt biztos\u00edt), de ha k\u00e9nyeztetn\u00e9tek magatokat, akkor tartalmas reggelit biztos\u00edtunk sz\u00e1motokra.<\/p><p>Minden reggelink tartalmaz: k\u00e1v\u00e9, tea, narancsl\u00e9, felv\u00e1gottak, sajtok, z\u00f6lds\u00e9g, p\u00e9k\u00e1ru, vaj, h\u00e1zilekv\u00e1r<\/p>\t\t\t\t\t\t\t\t<\/div>\n\t\t\t\t<\/div>\n\t\t\t\t<div class=\"elementor-element elementor-element-4128ca83 elementor-widget elementor-widget-button\" data-id=\"4128ca83\" data-element_type=\"widget\" data-e-type=\"widget\" data-widget_type=\"button.default\">\n\t\t\t\t<div class=\"elementor-widget-container\">\n\t\t\t\t\t\t\t\t\t<div class=\"elementor-button-wrapper\">\n\t\t\t\t\t<a class=\"elementor-button elementor-button-link elementor-size-sm\" href=\"http:\/\/www.rozigarden.hu\/kontakt\/\">\n\t\t\t\t\t\t<span class=\"elementor-button-content-wrapper\">\n\t\t\t\t\t\t\t\t\t<span class=\"elementor-button-text\">K\u00e9rj\u00fck el\u0151re jelezd reggeli ig\u00e9nyedet<\/span>\n\t\t\t\t\t<\/span>\n\t\t\t\t\t<\/a>\n\t\t\t\t<\/div>\n\t\t\t\t\t\t\t\t<\/div>\n\t\t\t\t<\/div>\n\t\t\t\t\t<\/div>\n\t\t<\/div>\n\t\t\t\t\t<\/div>\n\t\t<\/section>\n\t\t\t\t\t<\/div>\n\t\t<\/div>\n\t\t\t\t\t<\/div>\n\t\t<\/section>\n\t\t\t\t<section class=\"elementor-section elementor-top-section elementor-element elementor-element-47befa7 elementor-section-boxed elementor-section-height-default elementor-section-height-default\" data-id=\"47befa7\" data-element_type=\"section\" data-e-type=\"section\">\n\t\t\t\t\t\t<div class=\"elementor-container elementor-column-gap-default\">\n\t\t\t\t\t<div class=\"elementor-column elementor-col-100 elementor-top-column elementor-element elementor-element-a10e973\" data-id=\"a10e973\" data-element_type=\"column\" data-e-type=\"column\" data-settings=\"{&quot;background_background&quot;:&quot;classic&quot;}\">\n\t\t\t<div class=\"elementor-widget-wrap elementor-element-populated\">\n\t\t\t\t\t<div class=\"elementor-background-overlay\"><\/div>\n\t\t\t\t\t\t<section class=\"elementor-section elementor-inner-section elementor-element elementor-element-32c637a elementor-section-boxed elementor-section-height-default elementor-section-height-default\" data-id=\"32c637a\" data-element_type=\"section\" data-e-type=\"section\">\n\t\t\t\t\t\t<div class=\"elementor-container elementor-column-gap-default\">\n\t\t\t\t\t<div class=\"elementor-column elementor-col-50 elementor-inner-column elementor-element elementor-element-d2a5608\" data-id=\"d2a5608\" data-element_type=\"column\" data-e-type=\"column\">\n\t\t\t<div class=\"elementor-widget-wrap elementor-element-populated\">\n\t\t\t\t\t\t<div class=\"elementor-element elementor-element-af03a09 elementor-testimonial--skin-default elementor-testimonial--layout-image_inline elementor-testimonial--align-center elementor-widget elementor-widget-testimonial-carousel\" data-id=\"af03a09\" data-element_type=\"widget\" data-e-type=\"widget\" data-settings=\"{&quot;speed&quot;:500,&quot;autoplay&quot;:&quot;yes&quot;,&quot;autoplay_speed&quot;:5000,&quot;loop&quot;:&quot;yes&quot;,&quot;pause_on_hover&quot;:&quot;yes&quot;,&quot;pause_on_interaction&quot;:&quot;yes&quot;,&quot;space_between&quot;:{&quot;unit&quot;:&quot;px&quot;,&quot;size&quot;:10,&quot;sizes&quot;:[]},&quot;space_between_tablet&quot;:{&quot;unit&quot;:&quot;px&quot;,&quot;size&quot;:10,&quot;sizes&quot;:[]},&quot;space_between_mobile&quot;:{&quot;unit&quot;:&quot;px&quot;,&quot;size&quot;:10,&quot;sizes&quot;:[]}}\" data-widget_type=\"testimonial-carousel.default\">\n\t\t\t\t<div class=\"elementor-widget-container\">\n\t\t\t\t\t\t\t\t\t<div class=\"elementor-swiper\">\n\t\t\t\t\t<div class=\"elementor-main-swiper swiper\" role=\"region\" aria-roledescription=\"carousel\" aria-label=\"Slides\">\n\t\t\t\t<div class=\"swiper-wrapper\">\n\t\t\t\t\t\t\t\t\t\t\t<div class=\"swiper-slide\" role=\"group\" aria-roledescription=\"slide\">\n\t\t\t\t\t\t\t\t\t<div class=\"elementor-testimonial\">\n\t\t\t\t\t\t\t<div class=\"elementor-testimonial__content\">\n\t\t\t\t\t<div class=\"elementor-testimonial__text\">\n\t\t\t\t\t\t\"A sz\u00e1ll\u00e1s nagyon sz\u00e9p k\u00f6rnyezetben van, k\u00edv\u00fcl-bel\u00fcl tiszta, rendezett \u00e9s hangulatos, a h\u00e1zigazd\u00e1k pedig nagyon kedvesek, figyelmesek \u00e9s seg\u00edt\u0151k\u00e9szek.\"\n\t\t\t\t\t<\/div>\n\t\t\t\t\t\t\t\t\t<\/div>\n\t\t\t\t\t\t<div class=\"elementor-testimonial__footer\">\n\t\t\t\t\t\t\t\t<cite class=\"elementor-testimonial__cite\"><span class=\"elementor-testimonial__name\">Bar\u00e1ti t\u00e1rsas\u00e1g 2 nap alapj\u00e1n<\/span><span class=\"elementor-testimonial__title\">szallas.hu<\/span><\/cite>\t\t\t<\/div>\n\t\t<\/div>\n\t\t\t\t\t\t\t\t<\/div>\n\t\t\t\t\t\t\t\t\t\t\t<div class=\"swiper-slide\" role=\"group\" aria-roledescription=\"slide\">\n\t\t\t\t\t\t\t\t\t<div class=\"elementor-testimonial\">\n\t\t\t\t\t\t\t<div class=\"elementor-testimonial__content\">\n\t\t\t\t\t<div class=\"elementor-testimonial__text\">\n\t\t\t\t\t\t\"Sz\u00e9p, rendezett tiszta \u00e9s nagyon kellemes hangulat\u00fa a Panzi\u00f3. Kedvesek \u00e9s nagyon szimpatikusak a H\u00e1zigazd\u00e1k. Finom \u00e9s b\u0151s\u00e9ges a reggeli kis h\u00e1zi k\u00e9sz\u00edt\u00e9s\u0171 csod\u00e1kkal f\u0171szerezve. \u00d6r\u00fcl\u00f6k, hogy megtal\u00e1ltuk ezt a kis \u00e9kszerdoboz.\"\t\t\t\t\t<\/div>\n\t\t\t\t\t\t\t\t\t<\/div>\n\t\t\t\t\t\t<div class=\"elementor-testimonial__footer\">\n\t\t\t\t\t\t\t\t<cite class=\"elementor-testimonial__cite\"><span class=\"elementor-testimonial__name\">Fiatal p\u00e1r 3 nap alapj\u00e1n<\/span><span class=\"elementor-testimonial__title\">szallas.hu<\/span><\/cite>\t\t\t<\/div>\n\t\t<\/div>\n\t\t\t\t\t\t\t\t<\/div>\n\t\t\t\t\t\t\t\t\t\t\t<div class=\"swiper-slide\" role=\"group\" aria-roledescription=\"slide\">\n\t\t\t\t\t\t\t\t\t<div class=\"elementor-testimonial\">\n\t\t\t\t\t\t\t<div class=\"elementor-testimonial__content\">\n\t\t\t\t\t<div class=\"elementor-testimonial__text\">\n\t\t\t\t\t\t\"Teljes eg\u00e9sz\u00e9ben kedves, figyelmes csalad-bar\u00e1t emberekkel lehett\u00fcnk ami plussz \u00e9lm\u00e9ny volt, \u00e9s a reggeli is nagyon finom volt, meg a kiszolg\u00e1l\u00e1s hozz\u00e1. K\u00f6sz\u00f6nj\u00fck ezt a kellemes h\u00e9tv\u00e9g\u00e9t , csak aj\u00e1nlani tudjuk!\"\t\t\t\t\t<\/div>\n\t\t\t\t\t\t\t\t\t<\/div>\n\t\t\t\t\t\t<div class=\"elementor-testimonial__footer\">\n\t\t\t\t\t\t\t\t<cite class=\"elementor-testimonial__cite\"><span class=\"elementor-testimonial__name\">K\u00f6z\u00e9pkor\u00fa p\u00e1r 2 nap alapj\u00e1n<\/span><span class=\"elementor-testimonial__title\">szallas.hu<\/span><\/cite>\t\t\t<\/div>\n\t\t<\/div>\n\t\t\t\t\t\t\t\t<\/div>\n\t\t\t\t\t\t\t\t\t<\/div>\n\t\t\t\t\t\t\t\t\t\t\t\t\t\t\t\t\t\t\t\t\t<\/div>\n\t\t\t\t<\/div>\n\t\t\t\t\t\t\t\t<\/div>\n\t\t\t\t<\/div>\n\t\t\t\t\t<\/div>\n\t\t<\/div>\n\t\t\t\t<div class=\"elementor-column elementor-col-50 elementor-inner-column elementor-element elementor-element-426bd77\" data-id=\"426bd77\" data-element_type=\"column\" data-e-type=\"column\" data-settings=\"{&quot;background_background&quot;:&quot;classic&quot;}\">\n\t\t\t<div class=\"elementor-widget-wrap elementor-element-populated\">\n\t\t\t\t\t\t<div class=\"elementor-element elementor-element-eb0dbbe elementor-invisible elementor-widget elementor-widget-heading\" data-id=\"eb0dbbe\" data-element_type=\"widget\" data-e-type=\"widget\" data-settings=\"{&quot;_animation&quot;:&quot;slideInRight&quot;}\" data-widget_type=\"heading.default\">\n\t\t\t\t<div class=\"elementor-widget-container\">\n\t\t\t\t\t<h2 class=\"elementor-heading-title elementor-size-default\">Vend\u00e9geink v\u00e9lem\u00e9nye sz\u00e1m\u00edt nek\u00fcnk! N\u00e9zd meg, mit mondanak r\u00f3lunk:<\/h2>\t\t\t\t<\/div>\n\t\t\t\t<\/div>\n\t\t\t\t<div class=\"elementor-element elementor-element-b170e23 elementor-widget elementor-widget-heading\" data-id=\"b170e23\" data-element_type=\"widget\" data-e-type=\"widget\" data-widget_type=\"heading.default\">\n\t\t\t\t<div class=\"elementor-widget-container\">\n\t\t\t\t\t<h4 class=\"elementor-heading-title elementor-size-default\">\"Rozi Garden Vend\u00e9gh\u00e1z Badacsony \u00e9rt\u00e9kel\u00e9se 9.9 a lehets\u00e9ges 10-b\u0151l, 47 hiteles vend\u00e9g\u00e9rt\u00e9kel\u00e9s alapj\u00e1n.\" - szallas.hu<\/h4>\t\t\t\t<\/div>\n\t\t\t\t<\/div>\n\t\t\t\t<div class=\"elementor-element elementor-element-75658e5 elementor-widget__width-auto elementor-view-default elementor-widget elementor-widget-icon\" data-id=\"75658e5\" data-element_type=\"widget\" data-e-type=\"widget\" data-widget_type=\"icon.default\">\n\t\t\t\t<div class=\"elementor-widget-container\">\n\t\t\t\t\t\t\t<div class=\"elementor-icon-wrapper\">\n\t\t\t<div class=\"elementor-icon\">\n\t\t\t<i aria-hidden=\"true\" class=\"fas fa-star\"><\/i>\t\t\t<\/div>\n\t\t<\/div>\n\t\t\t\t\t\t<\/div>\n\t\t\t\t<\/div>\n\t\t\t\t<div class=\"elementor-element elementor-element-7f66417 elementor-widget__width-auto elementor-view-default elementor-widget elementor-widget-icon\" data-id=\"7f66417\" data-element_type=\"widget\" data-e-type=\"widget\" data-widget_type=\"icon.default\">\n\t\t\t\t<div class=\"elementor-widget-container\">\n\t\t\t\t\t\t\t<div class=\"elementor-icon-wrapper\">\n\t\t\t<div class=\"elementor-icon\">\n\t\t\t<i aria-hidden=\"true\" class=\"fas fa-star\"><\/i>\t\t\t<\/div>\n\t\t<\/div>\n\t\t\t\t\t\t<\/div>\n\t\t\t\t<\/div>\n\t\t\t\t<div class=\"elementor-element elementor-element-14d83a3 elementor-widget__width-auto elementor-view-default elementor-widget elementor-widget-icon\" data-id=\"14d83a3\" data-element_type=\"widget\" data-e-type=\"widget\" data-widget_type=\"icon.default\">\n\t\t\t\t<div class=\"elementor-widget-container\">\n\t\t\t\t\t\t\t<div class=\"elementor-icon-wrapper\">\n\t\t\t<div class=\"elementor-icon\">\n\t\t\t<i aria-hidden=\"true\" class=\"fas fa-star\"><\/i>\t\t\t<\/div>\n\t\t<\/div>\n\t\t\t\t\t\t<\/div>\n\t\t\t\t<\/div>\n\t\t\t\t<div class=\"elementor-element elementor-element-2afe528 elementor-widget__width-auto elementor-view-default elementor-widget elementor-widget-icon\" data-id=\"2afe528\" data-element_type=\"widget\" data-e-type=\"widget\" data-widget_type=\"icon.default\">\n\t\t\t\t<div class=\"elementor-widget-container\">\n\t\t\t\t\t\t\t<div class=\"elementor-icon-wrapper\">\n\t\t\t<div class=\"elementor-icon\">\n\t\t\t<i aria-hidden=\"true\" class=\"fas fa-star\"><\/i>\t\t\t<\/div>\n\t\t<\/div>\n\t\t\t\t\t\t<\/div>\n\t\t\t\t<\/div>\n\t\t\t\t<div class=\"elementor-element elementor-element-1f6a784 elementor-widget__width-auto elementor-view-default elementor-widget elementor-widget-icon\" data-id=\"1f6a784\" data-element_type=\"widget\" data-e-type=\"widget\" data-widget_type=\"icon.default\">\n\t\t\t\t<div class=\"elementor-widget-container\">\n\t\t\t\t\t\t\t<div class=\"elementor-icon-wrapper\">\n\t\t\t<div class=\"elementor-icon\">\n\t\t\t<i aria-hidden=\"true\" class=\"fas fa-star\"><\/i>\t\t\t<\/div>\n\t\t<\/div>\n\t\t\t\t\t\t<\/div>\n\t\t\t\t<\/div>\n\t\t\t\t<div class=\"elementor-element elementor-element-f7f2ef8 elementor-widget__width-auto elementor-view-default elementor-widget elementor-widget-icon\" data-id=\"f7f2ef8\" data-element_type=\"widget\" data-e-type=\"widget\" data-widget_type=\"icon.default\">\n\t\t\t\t<div class=\"elementor-widget-container\">\n\t\t\t\t\t\t\t<div class=\"elementor-icon-wrapper\">\n\t\t\t<div class=\"elementor-icon\">\n\t\t\t<i aria-hidden=\"true\" class=\"fas fa-star\"><\/i>\t\t\t<\/div>\n\t\t<\/div>\n\t\t\t\t\t\t<\/div>\n\t\t\t\t<\/div>\n\t\t\t\t<div class=\"elementor-element elementor-element-06be03d elementor-widget__width-auto elementor-view-default elementor-widget elementor-widget-icon\" data-id=\"06be03d\" data-element_type=\"widget\" data-e-type=\"widget\" data-widget_type=\"icon.default\">\n\t\t\t\t<div class=\"elementor-widget-container\">\n\t\t\t\t\t\t\t<div class=\"elementor-icon-wrapper\">\n\t\t\t<div class=\"elementor-icon\">\n\t\t\t<i aria-hidden=\"true\" class=\"fas fa-star\"><\/i>\t\t\t<\/div>\n\t\t<\/div>\n\t\t\t\t\t\t<\/div>\n\t\t\t\t<\/div>\n\t\t\t\t<div class=\"elementor-element elementor-element-aecb94b elementor-widget__width-auto elementor-view-default elementor-widget elementor-widget-icon\" data-id=\"aecb94b\" data-element_type=\"widget\" data-e-type=\"widget\" data-widget_type=\"icon.default\">\n\t\t\t\t<div class=\"elementor-widget-container\">\n\t\t\t\t\t\t\t<div class=\"elementor-icon-wrapper\">\n\t\t\t<div class=\"elementor-icon\">\n\t\t\t<i aria-hidden=\"true\" class=\"fas fa-star\"><\/i>\t\t\t<\/div>\n\t\t<\/div>\n\t\t\t\t\t\t<\/div>\n\t\t\t\t<\/div>\n\t\t\t\t<div class=\"elementor-element elementor-element-0d618d4 elementor-widget__width-auto elementor-view-default elementor-widget elementor-widget-icon\" data-id=\"0d618d4\" data-element_type=\"widget\" data-e-type=\"widget\" data-widget_type=\"icon.default\">\n\t\t\t\t<div class=\"elementor-widget-container\">\n\t\t\t\t\t\t\t<div class=\"elementor-icon-wrapper\">\n\t\t\t<div class=\"elementor-icon\">\n\t\t\t<i aria-hidden=\"true\" class=\"fas fa-star\"><\/i>\t\t\t<\/div>\n\t\t<\/div>\n\t\t\t\t\t\t<\/div>\n\t\t\t\t<\/div>\n\t\t\t\t<div class=\"elementor-element elementor-element-31d1bf2 elementor-widget__width-auto elementor-view-default elementor-widget elementor-widget-icon\" data-id=\"31d1bf2\" data-element_type=\"widget\" data-e-type=\"widget\" data-widget_type=\"icon.default\">\n\t\t\t\t<div class=\"elementor-widget-container\">\n\t\t\t\t\t\t\t<div class=\"elementor-icon-wrapper\">\n\t\t\t<div class=\"elementor-icon\">\n\t\t\t<i aria-hidden=\"true\" class=\"fas fa-star-half-alt\"><\/i>\t\t\t<\/div>\n\t\t<\/div>\n\t\t\t\t\t\t<\/div>\n\t\t\t\t<\/div>\n\t\t\t\t\t<\/div>\n\t\t<\/div>\n\t\t\t\t\t<\/div>\n\t\t<\/section>\n\t\t\t\t\t<\/div>\n\t\t<\/div>\n\t\t\t\t\t<\/div>\n\t\t<\/section>\n\t\t\t\t<\/div>\n\t\t","protected":false},"excerpt":{"rendered":"<p>Szob\u00e1ink A Rozi Garden Vend\u00e9gh\u00e1zban 3 db 2 \u00e1gyas (francia\u00e1gy), 1 db 3 \u00e1gyas (francia\u00e1gy+1\u00e1gy) , 1 db 5 \u00e1gyas appartman (2 szoba, konyhasarok, f\u00fcrd\u0151szoba) \u00e9s 1 db k\u00fcl\u00f6n\u00e1ll\u00f3 2 \u00e1gyas (francia\u00e1gy) bungall\u00f3 foglalhat\u00f3. Minden szob\u00e1nk p\u00f3t\u00e1gyazhat\u00f3.\u00a0 A h\u00e1zban nagy k\u00f6z\u00f6ss\u00e9gi t\u00e9r \u00e1ll vend\u00e9geink rendelkez\u00e9s\u00e9re, h\u0171t\u0151szekr\u00e9nyekkel, k\u00e1v\u00e9f\u0151z\u0151vel, mikr\u00f3val, t\u0171zhellyel, felszerelt konyh\u00e1val, \u00e9tkez\u0151vel, billi\u00e1rd asztallal, nagy [&hellip;]<\/p>\n","protected":false},"author":1,"featured_media":0,"parent":0,"menu_order":0,"comment_status":"closed","ping_status":"closed","template":"","meta":{"footnotes":""},"class_list":["post-2417","page","type-page","status-publish","hentry"],"_links":{"self":[{"href":"https:\/\/www.rozigarden.hu\/en\/wp-json\/wp\/v2\/pages\/2417","targetHints":{"allow":["GET"]}}],"collection":[{"href":"https:\/\/www.rozigarden.hu\/en\/wp-json\/wp\/v2\/pages"}],"about":[{"href":"https:\/\/www.rozigarden.hu\/en\/wp-json\/wp\/v2\/types\/page"}],"author":[{"embeddable":true,"href":"https:\/\/www.rozigarden.hu\/en\/wp-json\/wp\/v2\/users\/1"}],"replies":[{"embeddable":true,"href":"https:\/\/www.rozigarden.hu\/en\/wp-json\/wp\/v2\/comments?post=2417"}],"version-history":[{"count":82,"href":"https:\/\/www.rozigarden.hu\/en\/wp-json\/wp\/v2\/pages\/2417\/revisions"}],"predecessor-version":[{"id":3293,"href":"https:\/\/www.rozigarden.hu\/en\/wp-json\/wp\/v2\/pages\/2417\/revisions\/3293"}],"wp:attachment":[{"href":"https:\/\/www.rozigarden.hu\/en\/wp-json\/wp\/v2\/media?parent=2417"}],"curies":[{"name":"wp","href":"https:\/\/api.w.org\/{rel}","templated":true}]}}