{"id":2294,"date":"2024-07-21T19:05:23","date_gmt":"2024-07-21T17:05:23","guid":{"rendered":"http:\/\/www.rozigarden.hu\/?page_id=2294"},"modified":"2026-03-28T12:46:28","modified_gmt":"2026-03-28T11:46:28","slug":"rolunk","status":"publish","type":"page","link":"https:\/\/www.rozigarden.hu\/en\/rolunk\/","title":{"rendered":"R\u00f3lunk"},"content":{"rendered":"\t\t<div data-elementor-type=\"wp-page\" data-elementor-id=\"2294\" class=\"elementor elementor-2294\" data-elementor-post-type=\"page\">\n\t\t\t\t\t\t<section class=\"elementor-section elementor-top-section elementor-element elementor-element-ee5b23a elementor-section-boxed elementor-section-height-default elementor-section-height-default\" data-id=\"ee5b23a\" data-element_type=\"section\" data-e-type=\"section\">\n\t\t\t\t\t\t<div class=\"elementor-container elementor-column-gap-default\">\n\t\t\t\t\t<div class=\"elementor-column elementor-col-100 elementor-top-column elementor-element elementor-element-42f2f778\" data-id=\"42f2f778\" data-element_type=\"column\" data-e-type=\"column\" data-settings=\"{&quot;background_background&quot;:&quot;classic&quot;}\">\n\t\t\t<div class=\"elementor-widget-wrap elementor-element-populated\">\n\t\t\t\t\t<div class=\"elementor-background-overlay\"><\/div>\n\t\t\t\t\t\t<div class=\"elementor-element elementor-element-42edaa6e elementor-invisible elementor-widget elementor-widget-heading\" data-id=\"42edaa6e\" data-element_type=\"widget\" data-e-type=\"widget\" data-settings=\"{&quot;_animation&quot;:&quot;slideInUp&quot;}\" data-widget_type=\"heading.default\">\n\t\t\t\t<div class=\"elementor-widget-container\">\n\t\t\t\t\t<h1 class=\"elementor-heading-title elementor-size-default\">R\u00f3lunk<\/h1>\t\t\t\t<\/div>\n\t\t\t\t<\/div>\n\t\t\t\t\t<\/div>\n\t\t<\/div>\n\t\t\t\t\t<\/div>\n\t\t<\/section>\n\t\t\t\t<section class=\"elementor-section elementor-top-section elementor-element elementor-element-b482093 elementor-reverse-mobile elementor-section-boxed elementor-section-height-default elementor-section-height-default\" data-id=\"b482093\" data-element_type=\"section\" data-e-type=\"section\">\n\t\t\t\t\t\t<div class=\"elementor-container elementor-column-gap-default\">\n\t\t\t\t\t<div class=\"elementor-column elementor-col-66 elementor-top-column elementor-element elementor-element-10bcc7f5\" data-id=\"10bcc7f5\" data-element_type=\"column\" data-e-type=\"column\">\n\t\t\t<div class=\"elementor-widget-wrap elementor-element-populated\">\n\t\t\t\t\t\t<div class=\"elementor-element elementor-element-1b0e7de elementor-widget elementor-widget-image\" data-id=\"1b0e7de\" data-element_type=\"widget\" data-e-type=\"widget\" data-widget_type=\"image.default\">\n\t\t\t\t<div class=\"elementor-widget-container\">\n\t\t\t\t\t\t\t\t\t\t\t\t\t\t\t<img fetchpriority=\"high\" decoding=\"async\" width=\"2560\" height=\"1916\" src=\"https:\/\/www.rozigarden.hu\/wp-content\/uploads\/2025\/01\/IMG_20230819_183724-scaled.jpg\" class=\"attachment-full size-full wp-image-3033\" alt=\"\" srcset=\"https:\/\/www.rozigarden.hu\/wp-content\/uploads\/2025\/01\/IMG_20230819_183724-scaled.jpg 2560w, https:\/\/www.rozigarden.hu\/wp-content\/uploads\/2025\/01\/IMG_20230819_183724-300x225.jpg 300w, https:\/\/www.rozigarden.hu\/wp-content\/uploads\/2025\/01\/IMG_20230819_183724-1024x766.jpg 1024w, https:\/\/www.rozigarden.hu\/wp-content\/uploads\/2025\/01\/IMG_20230819_183724-768x575.jpg 768w, https:\/\/www.rozigarden.hu\/wp-content\/uploads\/2025\/01\/IMG_20230819_183724-1536x1150.jpg 1536w, https:\/\/www.rozigarden.hu\/wp-content\/uploads\/2025\/01\/IMG_20230819_183724-2048x1533.jpg 2048w, https:\/\/www.rozigarden.hu\/wp-content\/uploads\/2025\/01\/IMG_20230819_183724-600x449.jpg 600w\" sizes=\"(max-width: 2560px) 100vw, 2560px\" \/>\t\t\t\t\t\t\t\t\t\t\t\t\t\t\t<\/div>\n\t\t\t\t<\/div>\n\t\t\t\t\t<\/div>\n\t\t<\/div>\n\t\t\t\t<div class=\"elementor-column elementor-col-33 elementor-top-column elementor-element elementor-element-607b68db\" data-id=\"607b68db\" data-element_type=\"column\" data-e-type=\"column\" data-settings=\"{&quot;background_background&quot;:&quot;classic&quot;}\">\n\t\t\t<div class=\"elementor-widget-wrap elementor-element-populated\">\n\t\t\t\t\t\t<div class=\"elementor-element elementor-element-5566ea6c elementor-widget elementor-widget-text-editor\" data-id=\"5566ea6c\" data-element_type=\"widget\" data-e-type=\"widget\" data-widget_type=\"text-editor.default\">\n\t\t\t\t<div class=\"elementor-widget-container\">\n\t\t\t\t\t\t\t\t\t<p>\u00dcdv\u00f6zl\u00fcnk a Rozi Garden Vend\u00e9gh\u00e1zban, Badacsony gy\u00f6ny\u00f6r\u0171 term\u00e9szeti k\u00f6rnyezet\u00e9ben!<\/p><p>B\u00fcszk\u00e9k vagyunk arra, hogy sz\u00fcleink \u00f6r\u00f6ks\u00e9g\u00e9t tov\u00e1bb vihetj\u00fck \u00e9s csal\u00e1di v\u00e1llalkoz\u00e1sk\u00e9nt folyamatosan meg\u00fajulva,\u00a0 imm\u00e1r t\u00f6bb, mint 20 \u00e9ve \u00e1llunk vend\u00e9geink rendelkez\u00e9s\u00e9re.<\/p><p>C\u00e9lunk, hogy felejthetetlen \u00e9lm\u00e9nyeket szerezzetek a Balaton-felvid\u00e9k egyik legszebb r\u00e9sz\u00e9n.<\/p><p>N\u00e1lunk a felt\u00f6lt\u0151d\u00e9s \u00e9s a kikapcsol\u00f3d\u00e1s van a k\u00f6z\u00e9ppontban. Ig\u00e9nyetek szerint rendezz\u00fck \u00e1t, alak\u00edtjuk ki a tereket \u00e9s form\u00e1ljuk a k\u00f6r\u00fclm\u00e9nyeket. A c\u00e9l, hogy mindenki megtal\u00e1lja azt, amire \u00e9pp sz\u00fcks\u00e9ge van.\u00a0 \u00a0<\/p><p>Szeretettel v\u00e1runk Benneteket: Zsuzsi \u00e9s Roland<\/p>\t\t\t\t\t\t\t\t<\/div>\n\t\t\t\t<\/div>\n\t\t\t\t\t<\/div>\n\t\t<\/div>\n\t\t\t\t\t<\/div>\n\t\t<\/section>\n\t\t\t\t<section class=\"elementor-section elementor-top-section elementor-element elementor-element-48bb2b67 elementor-section-boxed elementor-section-height-default elementor-section-height-default\" data-id=\"48bb2b67\" data-element_type=\"section\" data-e-type=\"section\" data-settings=\"{&quot;background_background&quot;:&quot;classic&quot;}\">\n\t\t\t\t\t\t<div class=\"elementor-container elementor-column-gap-default\">\n\t\t\t\t\t<div class=\"elementor-column elementor-col-100 elementor-top-column elementor-element elementor-element-1be7b090\" data-id=\"1be7b090\" data-element_type=\"column\" data-e-type=\"column\">\n\t\t\t<div class=\"elementor-widget-wrap elementor-element-populated\">\n\t\t\t\t\t\t<div class=\"elementor-element elementor-element-66abd39f elementor-widget elementor-widget-image\" data-id=\"66abd39f\" data-element_type=\"widget\" data-e-type=\"widget\" data-widget_type=\"image.default\">\n\t\t\t\t<div class=\"elementor-widget-container\">\n\t\t\t\t\t\t\t\t\t\t\t\t\t\t\t<img decoding=\"async\" width=\"2560\" height=\"1920\" src=\"https:\/\/www.rozigarden.hu\/wp-content\/uploads\/2024\/07\/IMG_1617-scaled.webp\" class=\"attachment-full size-full wp-image-2636\" alt=\"\" srcset=\"https:\/\/www.rozigarden.hu\/wp-content\/uploads\/2024\/07\/IMG_1617-scaled.webp 2560w, https:\/\/www.rozigarden.hu\/wp-content\/uploads\/2024\/07\/IMG_1617-300x225.webp 300w, https:\/\/www.rozigarden.hu\/wp-content\/uploads\/2024\/07\/IMG_1617-1024x768.webp 1024w, https:\/\/www.rozigarden.hu\/wp-content\/uploads\/2024\/07\/IMG_1617-768x576.webp 768w, https:\/\/www.rozigarden.hu\/wp-content\/uploads\/2024\/07\/IMG_1617-1536x1152.webp 1536w, https:\/\/www.rozigarden.hu\/wp-content\/uploads\/2024\/07\/IMG_1617-2048x1536.webp 2048w, https:\/\/www.rozigarden.hu\/wp-content\/uploads\/2024\/07\/IMG_1617-600x450.webp 600w\" sizes=\"(max-width: 2560px) 100vw, 2560px\" \/>\t\t\t\t\t\t\t\t\t\t\t\t\t\t\t<\/div>\n\t\t\t\t<\/div>\n\t\t\t\t<section class=\"elementor-section elementor-inner-section elementor-element elementor-element-18b1cdd9 elementor-section-boxed elementor-section-height-default elementor-section-height-default\" data-id=\"18b1cdd9\" data-element_type=\"section\" data-e-type=\"section\">\n\t\t\t\t\t\t<div class=\"elementor-container elementor-column-gap-default\">\n\t\t\t\t\t<div class=\"elementor-column elementor-col-100 elementor-inner-column elementor-element elementor-element-2594fbe1\" data-id=\"2594fbe1\" data-element_type=\"column\" data-e-type=\"column\">\n\t\t\t<div class=\"elementor-widget-wrap elementor-element-populated\">\n\t\t\t\t\t\t<div class=\"elementor-element elementor-element-6de520f9 elementor-invisible elementor-widget elementor-widget-heading\" data-id=\"6de520f9\" data-element_type=\"widget\" data-e-type=\"widget\" data-settings=\"{&quot;_animation&quot;:&quot;zoomIn&quot;}\" data-widget_type=\"heading.default\">\n\t\t\t\t<div class=\"elementor-widget-container\">\n\t\t\t\t\t<h2 class=\"elementor-heading-title elementor-size-default\">Szob\u00e1ink \u00e9s szolg\u00e1ltat\u00e1saink<\/h2>\t\t\t\t<\/div>\n\t\t\t\t<\/div>\n\t\t\t\t<div class=\"elementor-element elementor-element-4ef32a06 elementor-widget elementor-widget-text-editor\" data-id=\"4ef32a06\" data-element_type=\"widget\" data-e-type=\"widget\" data-widget_type=\"text-editor.default\">\n\t\t\t\t<div class=\"elementor-widget-container\">\n\t\t\t\t\t\t\t\t\t<p>16 f\u0151s vend\u00e9gh\u00e1zunk egyben, vagy szob\u00e1nk\u00e9nt b\u00e9relhet\u0151. A nagy kinti \u00e9s benti k\u00f6z\u00f6ss\u00e9gi tereknek k\u00f6sz\u00f6nhet\u0151en ide\u00e1lis helysz\u00edne vagyunk a csal\u00e1di nyaral\u00e1soknak, bar\u00e1ti \u00f6sszej\u00f6veteleknek, csapat\u00e9p\u00edt\u0151 programoknak, sz\u00fclet\u00e9snapoknak, leg\u00e9ny- \u00e9s l\u00e1nyb\u00facs\u00faknak.<\/p><ul><li><strong>Welcome drink?<\/strong> \u00a0\u00a0 \u00a0 \u00a0 \u00a0 \u00a0 \u00a0\u00a0 \u00a0\u00a0\u00a0\u00a0\u00a0\u00a0\u00a0\u00a0\u00a0\u00a0\u00a0\u00a0\u00a0\u00a0\u00a0\u00a0\u00a0\u00a0\u00a0\u00a0\u00a0\u00a0 &#8211; Minimum!<\/li><li><strong>Reggeli a szob\u00e1ban, a medenc\u00e9n\u00e9l?<\/strong> \u00a0 &#8211; Ahogy tetszik!<\/li><li><strong>Kiugorjunk \u00e9rted a vas\u00fat\u00e1llom\u00e1sra?<\/strong> \u00a0\u00a0 &#8211; Sz\u00edvesen!<\/li><li><strong>Pumpa, szersz\u00e1m a biciklidhez?<\/strong> \u00a0\u00a0\u00a0\u00a0\u00a0\u00a0\u00a0\u00a0 &#8211; Sim\u00e1n!<\/li><li><strong>Ker\u00e9kp\u00e1r, vitorl\u00e1s b\u00e9rl\u00e9se sz\u00e1modra?<\/strong>\u00a0 &#8211; Int\u00e9zz\u00fck!<\/li><li><strong>S\u00fct\u00f6getn\u00e9l, bogr\u00e1csozn\u00e1l?<\/strong> \u00a0\u00a0\u00a0\u00a0\u00a0\u00a0\u00a0\u00a0\u00a0\u00a0\u00a0\u00a0\u00a0\u00a0\u00a0\u00a0\u00a0\u00a0\u00a0 &#8211; F\u00e1t, eszk\u00f6z\u00f6ket adjuk!<\/li><li><strong>Kuty\u00e1val j\u00f6nn\u00e9l?<\/strong> \u00a0\u00a0\u00a0\u00a0 \u00a0 \u00a0 \u00a0 \u00a0 \u00a0 \u00a0 \u00a0 \u00a0 \u00a0 \u00a0 \u00a0 \u00a0 \u00a0 \u00a0 \u00a0 \u00a0\u00a0 &#8211; Hozhatod!<\/li><li><strong>Egy\u00e9b k\u00edv\u00e1ns\u00e1g?<\/strong> \u00a0\u00a0\u00a0\u00a0\u00a0 \u00a0 \u00a0 \u00a0 \u00a0 \u00a0 \u00a0 \u00a0 \u00a0 \u00a0 \u00a0 \u00a0 \u00a0 \u00a0 \u00a0 \u00a0 \u00a0 &#8211; Igyeksz\u00fcnk teljes\u00edteni!<\/li><\/ul>\t\t\t\t\t\t\t\t<\/div>\n\t\t\t\t<\/div>\n\t\t\t\t\t<\/div>\n\t\t<\/div>\n\t\t\t\t\t<\/div>\n\t\t<\/section>\n\t\t\t\t\t<\/div>\n\t\t<\/div>\n\t\t\t\t\t<\/div>\n\t\t<\/section>\n\t\t\t\t<section class=\"elementor-section elementor-top-section elementor-element elementor-element-a72374b elementor-section-boxed elementor-section-height-default elementor-section-height-default\" data-id=\"a72374b\" data-element_type=\"section\" data-e-type=\"section\">\n\t\t\t\t\t\t<div class=\"elementor-container elementor-column-gap-default\">\n\t\t\t\t\t<div class=\"elementor-column elementor-col-100 elementor-top-column elementor-element elementor-element-852d555\" data-id=\"852d555\" data-element_type=\"column\" data-e-type=\"column\" data-settings=\"{&quot;background_background&quot;:&quot;classic&quot;}\">\n\t\t\t<div class=\"elementor-widget-wrap elementor-element-populated\">\n\t\t\t\t\t<div class=\"elementor-background-overlay\"><\/div>\n\t\t\t\t\t\t<section class=\"elementor-section elementor-inner-section elementor-element elementor-element-b714ed2 elementor-section-boxed elementor-section-height-default elementor-section-height-default\" data-id=\"b714ed2\" data-element_type=\"section\" data-e-type=\"section\">\n\t\t\t\t\t\t<div class=\"elementor-container elementor-column-gap-default\">\n\t\t\t\t\t<div class=\"elementor-column elementor-col-50 elementor-inner-column elementor-element elementor-element-441fcae\" data-id=\"441fcae\" data-element_type=\"column\" data-e-type=\"column\">\n\t\t\t<div class=\"elementor-widget-wrap elementor-element-populated\">\n\t\t\t\t\t\t<div class=\"elementor-element elementor-element-0dba05f elementor-testimonial--skin-default elementor-testimonial--layout-image_inline elementor-testimonial--align-center elementor-widget elementor-widget-testimonial-carousel\" data-id=\"0dba05f\" data-element_type=\"widget\" data-e-type=\"widget\" data-settings=\"{&quot;speed&quot;:500,&quot;autoplay&quot;:&quot;yes&quot;,&quot;autoplay_speed&quot;:5000,&quot;loop&quot;:&quot;yes&quot;,&quot;pause_on_hover&quot;:&quot;yes&quot;,&quot;pause_on_interaction&quot;:&quot;yes&quot;,&quot;space_between&quot;:{&quot;unit&quot;:&quot;px&quot;,&quot;size&quot;:10,&quot;sizes&quot;:[]},&quot;space_between_tablet&quot;:{&quot;unit&quot;:&quot;px&quot;,&quot;size&quot;:10,&quot;sizes&quot;:[]},&quot;space_between_mobile&quot;:{&quot;unit&quot;:&quot;px&quot;,&quot;size&quot;:10,&quot;sizes&quot;:[]}}\" data-widget_type=\"testimonial-carousel.default\">\n\t\t\t\t<div class=\"elementor-widget-container\">\n\t\t\t\t\t\t\t\t\t<div class=\"elementor-swiper\">\n\t\t\t\t\t<div class=\"elementor-main-swiper swiper\" role=\"region\" aria-roledescription=\"carousel\" aria-label=\"Slides\">\n\t\t\t\t<div class=\"swiper-wrapper\">\n\t\t\t\t\t\t\t\t\t\t\t<div class=\"swiper-slide\" role=\"group\" aria-roledescription=\"slide\">\n\t\t\t\t\t\t\t\t\t<div class=\"elementor-testimonial\">\n\t\t\t\t\t\t\t<div class=\"elementor-testimonial__content\">\n\t\t\t\t\t<div class=\"elementor-testimonial__text\">\n\t\t\t\t\t\t\"A sz\u00e1ll\u00e1s nagyon sz\u00e9p k\u00f6rnyezetben van, k\u00edv\u00fcl-bel\u00fcl tiszta, rendezett \u00e9s hangulatos, a h\u00e1zigazd\u00e1k pedig nagyon kedvesek, figyelmesek \u00e9s seg\u00edt\u0151k\u00e9szek.\"\n\t\t\t\t\t<\/div>\n\t\t\t\t\t\t\t\t\t<\/div>\n\t\t\t\t\t\t<div class=\"elementor-testimonial__footer\">\n\t\t\t\t\t\t\t\t<cite class=\"elementor-testimonial__cite\"><span class=\"elementor-testimonial__name\">Bar\u00e1ti t\u00e1rsas\u00e1g 2 nap alapj\u00e1n<\/span><span class=\"elementor-testimonial__title\">szallas.hu<\/span><\/cite>\t\t\t<\/div>\n\t\t<\/div>\n\t\t\t\t\t\t\t\t<\/div>\n\t\t\t\t\t\t\t\t\t\t\t<div class=\"swiper-slide\" role=\"group\" aria-roledescription=\"slide\">\n\t\t\t\t\t\t\t\t\t<div class=\"elementor-testimonial\">\n\t\t\t\t\t\t\t<div class=\"elementor-testimonial__content\">\n\t\t\t\t\t<div class=\"elementor-testimonial__text\">\n\t\t\t\t\t\t\"Sz\u00e9p, rendezett tiszta \u00e9s nagyon kellemes hangulat\u00fa a Panzi\u00f3. Kedvesek \u00e9s nagyon szimpatikusak a H\u00e1zigazd\u00e1k. Finom \u00e9s b\u0151s\u00e9ges a reggeli kis h\u00e1zi k\u00e9sz\u00edt\u00e9s\u0171 csod\u00e1kkal f\u0171szerezve. \u00d6r\u00fcl\u00f6k, hogy megtal\u00e1ltuk ezt a kis \u00e9kszerdoboz.\"\t\t\t\t\t<\/div>\n\t\t\t\t\t\t\t\t\t<\/div>\n\t\t\t\t\t\t<div class=\"elementor-testimonial__footer\">\n\t\t\t\t\t\t\t\t<cite class=\"elementor-testimonial__cite\"><span class=\"elementor-testimonial__name\">Fiatal p\u00e1r 3 nap alapj\u00e1n<\/span><span class=\"elementor-testimonial__title\">szallas.hu<\/span><\/cite>\t\t\t<\/div>\n\t\t<\/div>\n\t\t\t\t\t\t\t\t<\/div>\n\t\t\t\t\t\t\t\t\t\t\t<div class=\"swiper-slide\" role=\"group\" aria-roledescription=\"slide\">\n\t\t\t\t\t\t\t\t\t<div class=\"elementor-testimonial\">\n\t\t\t\t\t\t\t<div class=\"elementor-testimonial__content\">\n\t\t\t\t\t<div class=\"elementor-testimonial__text\">\n\t\t\t\t\t\t\"Teljes eg\u00e9sz\u00e9ben kedves, figyelmes csalad-bar\u00e1t emberekkel lehett\u00fcnk ami plussz \u00e9lm\u00e9ny volt, \u00e9s a reggeli is nagyon finom volt, meg a kiszolg\u00e1l\u00e1s hozz\u00e1. K\u00f6sz\u00f6nj\u00fck ezt a kellemes h\u00e9tv\u00e9g\u00e9t , csak aj\u00e1nlani tudjuk!\"\t\t\t\t\t<\/div>\n\t\t\t\t\t\t\t\t\t<\/div>\n\t\t\t\t\t\t<div class=\"elementor-testimonial__footer\">\n\t\t\t\t\t\t\t\t<cite class=\"elementor-testimonial__cite\"><span class=\"elementor-testimonial__name\">K\u00f6z\u00e9pkor\u00fa p\u00e1r 2 nap alapj\u00e1n<\/span><span class=\"elementor-testimonial__title\">szallas.hu<\/span><\/cite>\t\t\t<\/div>\n\t\t<\/div>\n\t\t\t\t\t\t\t\t<\/div>\n\t\t\t\t\t\t\t\t\t<\/div>\n\t\t\t\t\t\t\t\t\t\t\t\t\t\t\t\t\t\t\t\t\t<\/div>\n\t\t\t\t<\/div>\n\t\t\t\t\t\t\t\t<\/div>\n\t\t\t\t<\/div>\n\t\t\t\t\t<\/div>\n\t\t<\/div>\n\t\t\t\t<div class=\"elementor-column elementor-col-50 elementor-inner-column elementor-element elementor-element-e146ab5\" data-id=\"e146ab5\" data-element_type=\"column\" data-e-type=\"column\" data-settings=\"{&quot;background_background&quot;:&quot;classic&quot;}\">\n\t\t\t<div class=\"elementor-widget-wrap elementor-element-populated\">\n\t\t\t\t\t\t<div class=\"elementor-element elementor-element-e0f12c1 elementor-invisible elementor-widget elementor-widget-heading\" data-id=\"e0f12c1\" data-element_type=\"widget\" data-e-type=\"widget\" data-settings=\"{&quot;_animation&quot;:&quot;slideInRight&quot;}\" data-widget_type=\"heading.default\">\n\t\t\t\t<div class=\"elementor-widget-container\">\n\t\t\t\t\t<h2 class=\"elementor-heading-title elementor-size-default\">Vend\u00e9geink v\u00e9lem\u00e9nye sz\u00e1m\u00edt nek\u00fcnk! N\u00e9zd meg, mit mondanak r\u00f3lunk:<\/h2>\t\t\t\t<\/div>\n\t\t\t\t<\/div>\n\t\t\t\t<div class=\"elementor-element elementor-element-60817cc elementor-widget elementor-widget-heading\" data-id=\"60817cc\" data-element_type=\"widget\" data-e-type=\"widget\" data-widget_type=\"heading.default\">\n\t\t\t\t<div class=\"elementor-widget-container\">\n\t\t\t\t\t<h4 class=\"elementor-heading-title elementor-size-default\">\"Rozi Garden Vend\u00e9gh\u00e1z Badacsony \u00e9rt\u00e9kel\u00e9se 9.9 a lehets\u00e9ges 10-b\u0151l, 47 hiteles vend\u00e9g\u00e9rt\u00e9kel\u00e9s alapj\u00e1n.\" - szallas.hu<\/h4>\t\t\t\t<\/div>\n\t\t\t\t<\/div>\n\t\t\t\t<div class=\"elementor-element elementor-element-b7d8ce6 elementor-widget__width-auto elementor-view-default elementor-widget elementor-widget-icon\" data-id=\"b7d8ce6\" data-element_type=\"widget\" data-e-type=\"widget\" data-widget_type=\"icon.default\">\n\t\t\t\t<div class=\"elementor-widget-container\">\n\t\t\t\t\t\t\t<div class=\"elementor-icon-wrapper\">\n\t\t\t<div class=\"elementor-icon\">\n\t\t\t<i aria-hidden=\"true\" class=\"fas fa-star\"><\/i>\t\t\t<\/div>\n\t\t<\/div>\n\t\t\t\t\t\t<\/div>\n\t\t\t\t<\/div>\n\t\t\t\t<div class=\"elementor-element elementor-element-ddc22e1 elementor-widget__width-auto elementor-view-default elementor-widget elementor-widget-icon\" data-id=\"ddc22e1\" data-element_type=\"widget\" data-e-type=\"widget\" data-widget_type=\"icon.default\">\n\t\t\t\t<div class=\"elementor-widget-container\">\n\t\t\t\t\t\t\t<div class=\"elementor-icon-wrapper\">\n\t\t\t<div class=\"elementor-icon\">\n\t\t\t<i aria-hidden=\"true\" class=\"fas fa-star\"><\/i>\t\t\t<\/div>\n\t\t<\/div>\n\t\t\t\t\t\t<\/div>\n\t\t\t\t<\/div>\n\t\t\t\t<div class=\"elementor-element elementor-element-f2f7e93 elementor-widget__width-auto elementor-view-default elementor-widget elementor-widget-icon\" data-id=\"f2f7e93\" data-element_type=\"widget\" data-e-type=\"widget\" data-widget_type=\"icon.default\">\n\t\t\t\t<div class=\"elementor-widget-container\">\n\t\t\t\t\t\t\t<div class=\"elementor-icon-wrapper\">\n\t\t\t<div class=\"elementor-icon\">\n\t\t\t<i aria-hidden=\"true\" class=\"fas fa-star\"><\/i>\t\t\t<\/div>\n\t\t<\/div>\n\t\t\t\t\t\t<\/div>\n\t\t\t\t<\/div>\n\t\t\t\t<div class=\"elementor-element elementor-element-0e2a464 elementor-widget__width-auto elementor-view-default elementor-widget elementor-widget-icon\" data-id=\"0e2a464\" data-element_type=\"widget\" data-e-type=\"widget\" data-widget_type=\"icon.default\">\n\t\t\t\t<div class=\"elementor-widget-container\">\n\t\t\t\t\t\t\t<div class=\"elementor-icon-wrapper\">\n\t\t\t<div class=\"elementor-icon\">\n\t\t\t<i aria-hidden=\"true\" class=\"fas fa-star\"><\/i>\t\t\t<\/div>\n\t\t<\/div>\n\t\t\t\t\t\t<\/div>\n\t\t\t\t<\/div>\n\t\t\t\t<div class=\"elementor-element elementor-element-9fc474c elementor-widget__width-auto elementor-view-default elementor-widget elementor-widget-icon\" data-id=\"9fc474c\" data-element_type=\"widget\" data-e-type=\"widget\" data-widget_type=\"icon.default\">\n\t\t\t\t<div class=\"elementor-widget-container\">\n\t\t\t\t\t\t\t<div class=\"elementor-icon-wrapper\">\n\t\t\t<div class=\"elementor-icon\">\n\t\t\t<i aria-hidden=\"true\" class=\"fas fa-star\"><\/i>\t\t\t<\/div>\n\t\t<\/div>\n\t\t\t\t\t\t<\/div>\n\t\t\t\t<\/div>\n\t\t\t\t<div class=\"elementor-element elementor-element-e3fed2e elementor-widget__width-auto elementor-view-default elementor-widget elementor-widget-icon\" data-id=\"e3fed2e\" data-element_type=\"widget\" data-e-type=\"widget\" data-widget_type=\"icon.default\">\n\t\t\t\t<div class=\"elementor-widget-container\">\n\t\t\t\t\t\t\t<div class=\"elementor-icon-wrapper\">\n\t\t\t<div class=\"elementor-icon\">\n\t\t\t<i aria-hidden=\"true\" class=\"fas fa-star\"><\/i>\t\t\t<\/div>\n\t\t<\/div>\n\t\t\t\t\t\t<\/div>\n\t\t\t\t<\/div>\n\t\t\t\t<div class=\"elementor-element elementor-element-11b74ed elementor-widget__width-auto elementor-view-default elementor-widget elementor-widget-icon\" data-id=\"11b74ed\" data-element_type=\"widget\" data-e-type=\"widget\" data-widget_type=\"icon.default\">\n\t\t\t\t<div class=\"elementor-widget-container\">\n\t\t\t\t\t\t\t<div class=\"elementor-icon-wrapper\">\n\t\t\t<div class=\"elementor-icon\">\n\t\t\t<i aria-hidden=\"true\" class=\"fas fa-star\"><\/i>\t\t\t<\/div>\n\t\t<\/div>\n\t\t\t\t\t\t<\/div>\n\t\t\t\t<\/div>\n\t\t\t\t<div class=\"elementor-element elementor-element-52b3354 elementor-widget__width-auto elementor-view-default elementor-widget elementor-widget-icon\" data-id=\"52b3354\" data-element_type=\"widget\" data-e-type=\"widget\" data-widget_type=\"icon.default\">\n\t\t\t\t<div class=\"elementor-widget-container\">\n\t\t\t\t\t\t\t<div class=\"elementor-icon-wrapper\">\n\t\t\t<div class=\"elementor-icon\">\n\t\t\t<i aria-hidden=\"true\" class=\"fas fa-star\"><\/i>\t\t\t<\/div>\n\t\t<\/div>\n\t\t\t\t\t\t<\/div>\n\t\t\t\t<\/div>\n\t\t\t\t<div class=\"elementor-element elementor-element-dda1393 elementor-widget__width-auto elementor-view-default elementor-widget elementor-widget-icon\" data-id=\"dda1393\" data-element_type=\"widget\" data-e-type=\"widget\" data-widget_type=\"icon.default\">\n\t\t\t\t<div class=\"elementor-widget-container\">\n\t\t\t\t\t\t\t<div class=\"elementor-icon-wrapper\">\n\t\t\t<div class=\"elementor-icon\">\n\t\t\t<i aria-hidden=\"true\" class=\"fas fa-star\"><\/i>\t\t\t<\/div>\n\t\t<\/div>\n\t\t\t\t\t\t<\/div>\n\t\t\t\t<\/div>\n\t\t\t\t<div class=\"elementor-element elementor-element-145c2f3 elementor-widget__width-auto elementor-view-default elementor-widget elementor-widget-icon\" data-id=\"145c2f3\" data-element_type=\"widget\" data-e-type=\"widget\" data-widget_type=\"icon.default\">\n\t\t\t\t<div class=\"elementor-widget-container\">\n\t\t\t\t\t\t\t<div class=\"elementor-icon-wrapper\">\n\t\t\t<div class=\"elementor-icon\">\n\t\t\t<i aria-hidden=\"true\" class=\"fas fa-star-half-alt\"><\/i>\t\t\t<\/div>\n\t\t<\/div>\n\t\t\t\t\t\t<\/div>\n\t\t\t\t<\/div>\n\t\t\t\t\t<\/div>\n\t\t<\/div>\n\t\t\t\t\t<\/div>\n\t\t<\/section>\n\t\t\t\t\t<\/div>\n\t\t<\/div>\n\t\t\t\t\t<\/div>\n\t\t<\/section>\n\t\t\t\t<\/div>\n\t\t","protected":false},"excerpt":{"rendered":"<p>R\u00f3lunk \u00dcdv\u00f6zl\u00fcnk a Rozi Garden Vend\u00e9gh\u00e1zban, Badacsony gy\u00f6ny\u00f6r\u0171 term\u00e9szeti k\u00f6rnyezet\u00e9ben! B\u00fcszk\u00e9k vagyunk arra, hogy sz\u00fcleink \u00f6r\u00f6ks\u00e9g\u00e9t tov\u00e1bb vihetj\u00fck \u00e9s csal\u00e1di v\u00e1llalkoz\u00e1sk\u00e9nt folyamatosan meg\u00fajulva,\u00a0 imm\u00e1r t\u00f6bb, mint 20 \u00e9ve \u00e1llunk vend\u00e9geink rendelkez\u00e9s\u00e9re. C\u00e9lunk, hogy felejthetetlen \u00e9lm\u00e9nyeket szerezzetek a Balaton-felvid\u00e9k egyik legszebb r\u00e9sz\u00e9n. N\u00e1lunk a felt\u00f6lt\u0151d\u00e9s \u00e9s a kikapcsol\u00f3d\u00e1s van a k\u00f6z\u00e9ppontban. Ig\u00e9nyetek szerint rendezz\u00fck \u00e1t, alak\u00edtjuk [&hellip;]<\/p>\n","protected":false},"author":1,"featured_media":0,"parent":0,"menu_order":0,"comment_status":"closed","ping_status":"closed","template":"","meta":{"footnotes":""},"class_list":["post-2294","page","type-page","status-publish","hentry"],"_links":{"self":[{"href":"https:\/\/www.rozigarden.hu\/en\/wp-json\/wp\/v2\/pages\/2294","targetHints":{"allow":["GET"]}}],"collection":[{"href":"https:\/\/www.rozigarden.hu\/en\/wp-json\/wp\/v2\/pages"}],"about":[{"href":"https:\/\/www.rozigarden.hu\/en\/wp-json\/wp\/v2\/types\/page"}],"author":[{"embeddable":true,"href":"https:\/\/www.rozigarden.hu\/en\/wp-json\/wp\/v2\/users\/1"}],"replies":[{"embeddable":true,"href":"https:\/\/www.rozigarden.hu\/en\/wp-json\/wp\/v2\/comments?post=2294"}],"version-history":[{"count":39,"href":"https:\/\/www.rozigarden.hu\/en\/wp-json\/wp\/v2\/pages\/2294\/revisions"}],"predecessor-version":[{"id":3043,"href":"https:\/\/www.rozigarden.hu\/en\/wp-json\/wp\/v2\/pages\/2294\/revisions\/3043"}],"wp:attachment":[{"href":"https:\/\/www.rozigarden.hu\/en\/wp-json\/wp\/v2\/media?parent=2294"}],"curies":[{"name":"wp","href":"https:\/\/api.w.org\/{rel}","templated":true}]}}